{"id":5452,"date":"2023-12-22T07:18:20","date_gmt":"2023-12-22T05:18:20","guid":{"rendered":"https:\/\/rapic.ba\/zp-hibridi\/"},"modified":"2024-02-05T13:58:17","modified_gmt":"2024-02-05T11:58:17","slug":"zp-hibridi","status":"publish","type":"page","link":"https:\/\/rapic.ba\/en\/zp-hibridi\/","title":{"rendered":"ZP Hibridi"},"content":{"rendered":"\t\t<div data-elementor-type=\"wp-page\" data-elementor-id=\"5452\" class=\"elementor elementor-5452\" data-elementor-post-type=\"page\">\n\t\t\t\t<div class=\"elementor-element elementor-element-8c777f0 e-flex e-con-boxed e-con e-parent\" data-id=\"8c777f0\" data-element_type=\"container\">\n\t\t\t\t\t<div class=\"e-con-inner\">\n\t\t\t\t<div class=\"elementor-element elementor-element-16e92cf elementor-widget elementor-widget-heading\" data-id=\"16e92cf\" data-element_type=\"widget\" data-widget_type=\"heading.default\">\n\t\t\t\t<div class=\"elementor-widget-container\">\n\t\t\t\t\t<h2 class=\"elementor-heading-title elementor-size-default\">ZP Hibridi<\/h2>\t\t\t\t<\/div>\n\t\t\t\t<\/div>\n\t\t\t\t\t<\/div>\n\t\t\t\t<\/div>\n\t\t<div class=\"elementor-element elementor-element-f36a60f e-flex e-con-boxed e-con e-parent\" data-id=\"f36a60f\" data-element_type=\"container\">\n\t\t\t\t\t<div class=\"e-con-inner\">\n\t\t<div class=\"elementor-element elementor-element-f3ddb10 e-con-full e-flex e-con e-child\" data-id=\"f3ddb10\" data-element_type=\"container\">\n\t\t\t\t<div class=\"elementor-element elementor-element-82d26f1 elementor-invisible elementor-widget elementor-widget-text-editor\" data-id=\"82d26f1\" data-element_type=\"widget\" data-settings=\"{&quot;_animation&quot;:&quot;fadeInLeft&quot;}\" data-widget_type=\"text-editor.default\">\n\t\t\t\t<div class=\"elementor-widget-container\">\n\t\t\t\t\t\t\t\t\t<p>The &#8220;Zemun Polje&#8221; Maize research institute is one of the leading scientific and research institutions in the region, which focuses on the creation, production and introduction of new high-yielding, high-quality hybrids of maize, as well as soybean and wheat varieties for different agroecological growing conditions as well as different needs and purposes.<\/p>\t\t\t\t\t\t\t\t<\/div>\n\t\t\t\t<\/div>\n\t\t\t\t<\/div>\n\t\t<div class=\"elementor-element elementor-element-a4c3e54 e-con-full e-flex e-con e-child\" data-id=\"a4c3e54\" data-element_type=\"container\">\n\t\t\t\t<div class=\"elementor-element elementor-element-da6c0b0 elementor-invisible elementor-widget elementor-widget-image\" data-id=\"da6c0b0\" data-element_type=\"widget\" data-settings=\"{&quot;_animation&quot;:&quot;fadeInRight&quot;}\" data-widget_type=\"image.default\">\n\t\t\t\t<div class=\"elementor-widget-container\">\n\t\t\t\t\t\t\t\t\t\t\t\t\t\t\t<img fetchpriority=\"high\" decoding=\"async\" width=\"2560\" height=\"1920\" src=\"https:\/\/rapic.ba\/wp-content\/uploads\/2023\/12\/6-2-scaled.jpg\" class=\"attachment-full size-full wp-image-4341\" alt=\"\" srcset=\"https:\/\/rapic.ba\/wp-content\/uploads\/2023\/12\/6-2-scaled.jpg 2560w, https:\/\/rapic.ba\/wp-content\/uploads\/2023\/12\/6-2-300x225.jpg 300w, https:\/\/rapic.ba\/wp-content\/uploads\/2023\/12\/6-2-1024x768.jpg 1024w, https:\/\/rapic.ba\/wp-content\/uploads\/2023\/12\/6-2-768x576.jpg 768w, https:\/\/rapic.ba\/wp-content\/uploads\/2023\/12\/6-2-1536x1152.jpg 1536w, https:\/\/rapic.ba\/wp-content\/uploads\/2023\/12\/6-2-2048x1536.jpg 2048w, https:\/\/rapic.ba\/wp-content\/uploads\/2023\/12\/6-2-600x450.jpg 600w\" sizes=\"(max-width: 2560px) 100vw, 2560px\" \/>\t\t\t\t\t\t\t\t\t\t\t\t\t\t\t<\/div>\n\t\t\t\t<\/div>\n\t\t\t\t<\/div>\n\t\t\t\t\t<\/div>\n\t\t\t\t<\/div>\n\t\t<div class=\"elementor-element elementor-element-a5db8aa e-flex e-con-boxed e-con e-parent\" data-id=\"a5db8aa\" data-element_type=\"container\">\n\t\t\t\t\t<div class=\"e-con-inner\">\n\t\t<div class=\"elementor-element elementor-element-7adb96b e-con-full e-flex e-con e-child\" data-id=\"7adb96b\" data-element_type=\"container\">\n\t\t\t\t<div class=\"elementor-element elementor-element-9636456 elementor-invisible elementor-widget elementor-widget-image\" data-id=\"9636456\" data-element_type=\"widget\" data-settings=\"{&quot;_animation&quot;:&quot;fadeInLeft&quot;}\" data-widget_type=\"image.default\">\n\t\t\t\t<div class=\"elementor-widget-container\">\n\t\t\t\t\t\t\t\t\t\t\t\t\t\t\t<img decoding=\"async\" width=\"1600\" height=\"1068\" src=\"https:\/\/rapic.ba\/wp-content\/uploads\/2024\/01\/0-02-0a-fb16070c987b53d71672b2ff878c1af73bb8611ed20370dcab5ce25a97f8c40e_e27b8c5d2a8caf21.jpg\" class=\"attachment-full size-full wp-image-4816\" alt=\"\" srcset=\"https:\/\/rapic.ba\/wp-content\/uploads\/2024\/01\/0-02-0a-fb16070c987b53d71672b2ff878c1af73bb8611ed20370dcab5ce25a97f8c40e_e27b8c5d2a8caf21.jpg 1600w, https:\/\/rapic.ba\/wp-content\/uploads\/2024\/01\/0-02-0a-fb16070c987b53d71672b2ff878c1af73bb8611ed20370dcab5ce25a97f8c40e_e27b8c5d2a8caf21-300x200.jpg 300w, https:\/\/rapic.ba\/wp-content\/uploads\/2024\/01\/0-02-0a-fb16070c987b53d71672b2ff878c1af73bb8611ed20370dcab5ce25a97f8c40e_e27b8c5d2a8caf21-1024x684.jpg 1024w, https:\/\/rapic.ba\/wp-content\/uploads\/2024\/01\/0-02-0a-fb16070c987b53d71672b2ff878c1af73bb8611ed20370dcab5ce25a97f8c40e_e27b8c5d2a8caf21-768x513.jpg 768w, https:\/\/rapic.ba\/wp-content\/uploads\/2024\/01\/0-02-0a-fb16070c987b53d71672b2ff878c1af73bb8611ed20370dcab5ce25a97f8c40e_e27b8c5d2a8caf21-1536x1025.jpg 1536w, https:\/\/rapic.ba\/wp-content\/uploads\/2024\/01\/0-02-0a-fb16070c987b53d71672b2ff878c1af73bb8611ed20370dcab5ce25a97f8c40e_e27b8c5d2a8caf21-600x401.jpg 600w\" sizes=\"(max-width: 1600px) 100vw, 1600px\" \/>\t\t\t\t\t\t\t\t\t\t\t\t\t\t\t<\/div>\n\t\t\t\t<\/div>\n\t\t\t\t<\/div>\n\t\t<div class=\"elementor-element elementor-element-bafce6c e-con-full e-flex e-con e-child\" data-id=\"bafce6c\" data-element_type=\"container\">\n\t\t\t\t<div class=\"elementor-element elementor-element-cf61c4e elementor-invisible elementor-widget elementor-widget-text-editor\" data-id=\"cf61c4e\" data-element_type=\"widget\" data-settings=\"{&quot;_animation&quot;:&quot;fadeInRight&quot;}\" data-widget_type=\"text-editor.default\">\n\t\t\t\t<div class=\"elementor-widget-container\">\n\t\t\t\t\t\t\t\t\t<p>A large number of well-known domesticated hybrids, as well as hybrids of a new generation, which are extremely high-yielding and adaptable to modern challenges in production, have continuously meet the needs of large farmers and farmers, as well as smaller producers throughout the Republic of Srpska and Bosnia and Herzegovina, for 20 the last years. At the same time, the leading position of the &#8220;Zemun Polje&#8221; Maize research institute in the domestic market is indisputable, which is confirmed by the relevant figures on the distributed quantities of seeds, a high number of partners, which sell seeds directly and, finally, the production area sown with &#8220;ZP Hibridi&#8221;.<\/p>\t\t\t\t\t\t\t\t<\/div>\n\t\t\t\t<\/div>\n\t\t\t\t<\/div>\n\t\t\t\t\t<\/div>\n\t\t\t\t<\/div>\n\t\t<div class=\"elementor-element elementor-element-54f9fd4 e-flex e-con-boxed e-con e-parent\" data-id=\"54f9fd4\" data-element_type=\"container\">\n\t\t\t\t\t<div class=\"e-con-inner\">\n\t\t<div class=\"elementor-element elementor-element-fe3f1e0 e-con-full e-flex e-con e-child\" data-id=\"fe3f1e0\" data-element_type=\"container\">\n\t\t\t\t<div class=\"elementor-element elementor-element-c659fe9 elementor-invisible elementor-widget elementor-widget-text-editor\" data-id=\"c659fe9\" data-element_type=\"widget\" data-settings=\"{&quot;_animation&quot;:&quot;fadeInLeft&quot;}\" data-widget_type=\"text-editor.default\">\n\t\t\t\t<div class=\"elementor-widget-container\">\n\t\t\t\t\t\t\t\t\t<p>At the same time, a significant number of experiments in maize production, which are successfully organized in cooperation with the Ministry of Agriculture, Forestry and Water Management of the Republic of Srpska and numerous institutes and organizations in the Federation of BiH, with the constantly available expert advisory support of the &#8220;Institute&#8221; and &#8220;Rapic&#8221; company, additionally contribute relevance to the observed selection house and confirm the slogan &#8220;Yield to be proud of&#8221;.<\/p>\t\t\t\t\t\t\t\t<\/div>\n\t\t\t\t<\/div>\n\t\t\t\t<\/div>\n\t\t<div class=\"elementor-element elementor-element-c6f214d e-con-full e-flex e-con e-child\" data-id=\"c6f214d\" data-element_type=\"container\">\n\t\t\t\t<div class=\"elementor-element elementor-element-3ec48bd elementor-invisible elementor-widget elementor-widget-image\" data-id=\"3ec48bd\" data-element_type=\"widget\" data-settings=\"{&quot;_animation&quot;:&quot;fadeInRight&quot;}\" data-widget_type=\"image.default\">\n\t\t\t\t<div class=\"elementor-widget-container\">\n\t\t\t\t\t\t\t\t\t\t\t\t\t\t\t<img decoding=\"async\" width=\"2560\" height=\"1707\" src=\"https:\/\/rapic.ba\/wp-content\/uploads\/2023\/12\/7-2-scaled.jpg\" class=\"attachment-full size-full wp-image-4342\" alt=\"\" srcset=\"https:\/\/rapic.ba\/wp-content\/uploads\/2023\/12\/7-2-scaled.jpg 2560w, https:\/\/rapic.ba\/wp-content\/uploads\/2023\/12\/7-2-300x200.jpg 300w, https:\/\/rapic.ba\/wp-content\/uploads\/2023\/12\/7-2-1024x683.jpg 1024w, https:\/\/rapic.ba\/wp-content\/uploads\/2023\/12\/7-2-768x512.jpg 768w, https:\/\/rapic.ba\/wp-content\/uploads\/2023\/12\/7-2-1536x1024.jpg 1536w, https:\/\/rapic.ba\/wp-content\/uploads\/2023\/12\/7-2-2048x1365.jpg 2048w, https:\/\/rapic.ba\/wp-content\/uploads\/2023\/12\/7-2-600x400.jpg 600w\" sizes=\"(max-width: 2560px) 100vw, 2560px\" \/>\t\t\t\t\t\t\t\t\t\t\t\t\t\t\t<\/div>\n\t\t\t\t<\/div>\n\t\t\t\t<\/div>\n\t\t\t\t\t<\/div>\n\t\t\t\t<\/div>\n\t\t<div class=\"elementor-element elementor-element-765594b e-flex e-con-boxed e-con e-parent\" data-id=\"765594b\" data-element_type=\"container\">\n\t\t\t\t\t<div class=\"e-con-inner\">\n\t\t\t\t<div class=\"elementor-element elementor-element-112d7fc elementor-invisible elementor-widget elementor-widget-text-editor\" data-id=\"112d7fc\" data-element_type=\"widget\" data-settings=\"{&quot;_animation&quot;:&quot;fadeInLeft&quot;}\" data-widget_type=\"text-editor.default\">\n\t\t\t\t<div class=\"elementor-widget-container\">\n\t\t\t\t\t\t\t\t\t<p>For more information on cultivation technology, specificities of hybrids and the possibilities of obtaining seeds, please contact our expert advisors:<\/p>\t\t\t\t\t\t\t\t<\/div>\n\t\t\t\t<\/div>\n\t\t\t\t<div class=\"elementor-element elementor-element-1231dea elementor-widget elementor-widget-vankine-contact-box-v1\" data-id=\"1231dea\" data-element_type=\"widget\" data-widget_type=\"vankine-contact-box-v1.default\">\n\t\t\t\t<div class=\"elementor-widget-container\">\n\t\t\t\t\t \r\n \r\n    <div class=\"contact_box_content\">\r\n                             \r\n            <div class=\"contact-infor\">\r\n                \r\n                <h6 class=\"title_no_a_24\">   Professional counseling<\/h6>\r\n                                        <span><b>dr Dragi\u0161a Lopandi\u0107<\/b><br> Maize research institute \u201eZemun polje\u201c<br> 065\/643-020\n<br><br>\n<b>B.Sc. Eng. of agriculture<br> Branko Popovi\u0107<\/b><br>\u201eRapi\u0107\u201c d.o.o. <br> 066\/665-728<br>\n<br>\n<b>Veljko Janjanin<\/b><br> \u201eRapi\u0107\u201c d.o.o. <br> 065\/517-753.<br><\/span>\r\n                    <\/div>\r\n                                        <\/div>\r\n \r\n  \r\n  \r\n\r\n  \r\n \r\n\r\n\r\n    \t\t\t\t<\/div>\n\t\t\t\t<\/div>\n\t\t\t\t\t<\/div>\n\t\t\t\t<\/div>\n\t\t<div class=\"elementor-element elementor-element-5bc3982 e-flex e-con-boxed e-con e-parent\" data-id=\"5bc3982\" data-element_type=\"container\">\n\t\t\t\t\t<div class=\"e-con-inner\">\n\t\t\t\t<div class=\"elementor-element elementor-element-fb06b6a elementor-arrows-position-inside elementor-widget elementor-widget-image-carousel\" data-id=\"fb06b6a\" data-element_type=\"widget\" data-settings=\"{&quot;image_spacing_custom&quot;:{&quot;unit&quot;:&quot;px&quot;,&quot;size&quot;:10,&quot;sizes&quot;:[]},&quot;navigation&quot;:&quot;arrows&quot;,&quot;autoplay&quot;:&quot;yes&quot;,&quot;pause_on_hover&quot;:&quot;yes&quot;,&quot;pause_on_interaction&quot;:&quot;yes&quot;,&quot;autoplay_speed&quot;:5000,&quot;infinite&quot;:&quot;yes&quot;,&quot;speed&quot;:500,&quot;image_spacing_custom_tablet&quot;:{&quot;unit&quot;:&quot;px&quot;,&quot;size&quot;:&quot;&quot;,&quot;sizes&quot;:[]},&quot;image_spacing_custom_mobile&quot;:{&quot;unit&quot;:&quot;px&quot;,&quot;size&quot;:&quot;&quot;,&quot;sizes&quot;:[]}}\" data-widget_type=\"image-carousel.default\">\n\t\t\t\t<div class=\"elementor-widget-container\">\n\t\t\t\t\t\t\t<div class=\"elementor-image-carousel-wrapper swiper\" role=\"region\" aria-roledescription=\"carousel\" aria-label=\"Image Carousel\" dir=\"ltr\">\n\t\t\t<div class=\"elementor-image-carousel swiper-wrapper\" aria-live=\"off\">\n\t\t\t\t\t\t\t\t<div class=\"swiper-slide\" role=\"group\" aria-roledescription=\"slide\" aria-label=\"1 of 10\"><figure class=\"swiper-slide-inner\"><img decoding=\"async\" class=\"swiper-slide-image\" src=\"https:\/\/rapic.ba\/wp-content\/uploads\/elementor\/thumbs\/2-2-scaled-qitrl1bmvk3zu0wqi96x9wylgtz7z00wopvicy0ebs.jpg\" alt=\"2\" \/><\/figure><\/div><div class=\"swiper-slide\" role=\"group\" aria-roledescription=\"slide\" aria-label=\"2 of 10\"><figure class=\"swiper-slide-inner\"><img decoding=\"async\" class=\"swiper-slide-image\" src=\"https:\/\/rapic.ba\/wp-content\/uploads\/elementor\/thumbs\/3-2-scaled-qitrkvolqjw9wd4xf6r5uydtwir0oteinxylha8rd4.jpg\" alt=\"3\" \/><\/figure><\/div><div class=\"swiper-slide\" role=\"group\" aria-roledescription=\"slide\" aria-label=\"3 of 10\"><figure class=\"swiper-slide-inner\"><img decoding=\"async\" class=\"swiper-slide-image\" src=\"https:\/\/rapic.ba\/wp-content\/uploads\/elementor\/thumbs\/4-2-scaled-qitrkvolqjw9wd4xf6r5uydtwir0oteinxylha8rd4.jpg\" alt=\"4\" \/><\/figure><\/div><div class=\"swiper-slide\" role=\"group\" aria-roledescription=\"slide\" aria-label=\"4 of 10\"><figure class=\"swiper-slide-inner\"><img decoding=\"async\" class=\"swiper-slide-image\" src=\"https:\/\/rapic.ba\/wp-content\/uploads\/elementor\/thumbs\/5-2-scaled-qitrl1bmvk3zu0wqi96x9wylgtz7z00wopvicy0ebs.jpg\" alt=\"5\" \/><\/figure><\/div><div class=\"swiper-slide\" role=\"group\" aria-roledescription=\"slide\" aria-label=\"5 of 10\"><figure class=\"swiper-slide-inner\"><img decoding=\"async\" class=\"swiper-slide-image\" src=\"https:\/\/rapic.ba\/wp-content\/uploads\/elementor\/thumbs\/6-2-scaled-qitrkxka47yujl2747kezxwr3ahr47lzc79kfu5z0o.jpg\" alt=\"6\" \/><\/figure><\/div><div class=\"swiper-slide\" role=\"group\" aria-roledescription=\"slide\" aria-label=\"6 of 10\"><figure class=\"swiper-slide-inner\"><img decoding=\"async\" class=\"swiper-slide-image\" src=\"https:\/\/rapic.ba\/wp-content\/uploads\/elementor\/thumbs\/7-2-scaled-qitrksv361sexj90vnja5h3g4d4x1q3bnk051gcxvs.jpg\" alt=\"7\" \/><\/figure><\/div><div class=\"swiper-slide\" role=\"group\" aria-roledescription=\"slide\" aria-label=\"7 of 10\"><figure class=\"swiper-slide-inner\"><img decoding=\"async\" class=\"swiper-slide-image\" src=\"https:\/\/rapic.ba\/wp-content\/uploads\/elementor\/thumbs\/8-2-scaled-qitrkxka47yujl2747kezxwr3ahr47lzc79kfu5z0o.jpg\" alt=\"8\" \/><\/figure><\/div><div class=\"swiper-slide\" role=\"group\" aria-roledescription=\"slide\" aria-label=\"8 of 10\"><figure class=\"swiper-slide-inner\"><img decoding=\"async\" class=\"swiper-slide-image\" src=\"https:\/\/rapic.ba\/wp-content\/uploads\/elementor\/thumbs\/9-2-scaled-qitrkyi4b204v70typz1kfo7ood4bwppobx1x44kug.jpg\" alt=\"9\" \/><\/figure><\/div><div class=\"swiper-slide\" role=\"group\" aria-roledescription=\"slide\" aria-label=\"9 of 10\"><figure class=\"swiper-slide-inner\"><img decoding=\"async\" class=\"swiper-slide-image\" src=\"https:\/\/rapic.ba\/wp-content\/uploads\/elementor\/thumbs\/10-1-scaled-qitrksv361sexj90vnja5h3g4d4x1q3bnk051gcxvs.jpg\" alt=\"10\" \/><\/figure><\/div><div class=\"swiper-slide\" role=\"group\" aria-roledescription=\"slide\" aria-label=\"10 of 10\"><figure class=\"swiper-slide-inner\"><img decoding=\"async\" class=\"swiper-slide-image\" src=\"https:\/\/rapic.ba\/wp-content\/uploads\/elementor\/thumbs\/1-2-scaled-qitrkxka47yujl2747kezxwr3ahr47lzc79kfu5z0o.jpg\" alt=\"1\" \/><\/figure><\/div>\t\t\t<\/div>\n\t\t\t\t\t\t\t\t\t\t\t\t<div class=\"elementor-swiper-button elementor-swiper-button-prev\" role=\"button\" tabindex=\"0\">\n\t\t\t\t\t\t<svg aria-hidden=\"true\" class=\"e-font-icon-svg e-eicon-chevron-left\" viewBox=\"0 0 1000 1000\" xmlns=\"http:\/\/www.w3.org\/2000\/svg\"><path d=\"M646 125C629 125 613 133 604 142L308 442C296 454 292 471 292 487 292 504 296 521 308 533L604 854C617 867 629 875 646 875 663 875 679 871 692 858 704 846 713 829 713 812 713 796 708 779 692 767L438 487 692 225C700 217 708 204 708 187 708 171 704 154 692 142 675 129 663 125 646 125Z\"><\/path><\/svg>\t\t\t\t\t<\/div>\n\t\t\t\t\t<div class=\"elementor-swiper-button elementor-swiper-button-next\" role=\"button\" tabindex=\"0\">\n\t\t\t\t\t\t<svg aria-hidden=\"true\" class=\"e-font-icon-svg e-eicon-chevron-right\" viewBox=\"0 0 1000 1000\" xmlns=\"http:\/\/www.w3.org\/2000\/svg\"><path d=\"M696 533C708 521 713 504 713 487 713 471 708 454 696 446L400 146C388 133 375 125 354 125 338 125 325 129 313 142 300 154 292 171 292 187 292 204 296 221 308 233L563 492 304 771C292 783 288 800 288 817 288 833 296 850 308 863 321 871 338 875 354 875 371 875 388 867 400 854L696 533Z\"><\/path><\/svg>\t\t\t\t\t<\/div>\n\t\t\t\t\n\t\t\t\t\t\t\t\t\t<\/div>\n\t\t\t\t\t\t<\/div>\n\t\t\t\t<\/div>\n\t\t\t\t\t<\/div>\n\t\t\t\t<\/div>\n\t\t\t\t<\/div>\n\t\t","protected":false},"excerpt":{"rendered":"<p>ZP Hibridi The &#8220;Zemun Polje&#8221; Maize research institute is one of the leading scientific and research institutions in the region, which focuses on the creation, production and introduction of new high-yielding, high-quality hybrids of maize, as well as soybean and wheat varieties for different agroecological growing conditions as well as different needs and purposes. A [&hellip;]<\/p>\n","protected":false},"author":1,"featured_media":5386,"parent":0,"menu_order":0,"comment_status":"closed","ping_status":"closed","template":"","meta":{"footnotes":""},"class_list":["post-5452","page","type-page","status-publish","has-post-thumbnail","hentry"],"yoast_head":"<!-- This site is optimized with the Yoast SEO plugin v24.5 - https:\/\/yoast.com\/wordpress\/plugins\/seo\/ -->\n<title>ZP Hibridi | Zastupni\u0161tvo | RAPI\u0106<\/title>\n<meta name=\"description\" content=\"Institut za kukuruz \u201eZemun Polje\u201c vode\u0107a nau\u010dno-istra\u017eiva\u010dkih ustanova u regionu, bavi se stvaranjem, proizvodnjom novih hibrida kukuruza.\" \/>\n<meta name=\"robots\" content=\"index, follow, max-snippet:-1, max-image-preview:large, max-video-preview:-1\" \/>\n<link rel=\"canonical\" href=\"https:\/\/rapic.ba\/zp-hibridi\/\" \/>\n<meta property=\"og:locale\" content=\"en_US\" \/>\n<meta property=\"og:type\" content=\"article\" \/>\n<meta property=\"og:title\" content=\"ZP Hibridi | Zastupni\u0161tvo | RAPI\u0106\" \/>\n<meta property=\"og:description\" content=\"Institut za kukuruz \u201eZemun Polje\u201c vode\u0107a nau\u010dno-istra\u017eiva\u010dkih ustanova u regionu, bavi se stvaranjem, proizvodnjom novih hibrida kukuruza.\" \/>\n<meta property=\"og:url\" content=\"https:\/\/rapic.ba\/zp-hibridi\/\" \/>\n<meta property=\"og:site_name\" content=\"RAPI\u0106\" \/>\n<meta property=\"article:modified_time\" content=\"2024-02-05T11:58:17+00:00\" \/>\n<meta property=\"og:image\" content=\"https:\/\/rapic.ba\/wp-content\/uploads\/2023\/12\/1-2-scaled.jpg\" \/>\n\t<meta property=\"og:image:width\" content=\"2560\" \/>\n\t<meta property=\"og:image:height\" content=\"1707\" \/>\n\t<meta property=\"og:image:type\" content=\"image\/jpeg\" \/>\n<meta name=\"twitter:card\" content=\"summary_large_image\" \/>\n<meta name=\"twitter:label1\" content=\"Est. reading time\" \/>\n\t<meta name=\"twitter:data1\" content=\"6 minutes\" \/>\n<script type=\"application\/ld+json\" class=\"yoast-schema-graph\">{\"@context\":\"https:\/\/schema.org\",\"@graph\":[{\"@type\":\"WebPage\",\"@id\":\"https:\/\/rapic.ba\/zp-hibridi\/\",\"url\":\"https:\/\/rapic.ba\/zp-hibridi\/\",\"name\":\"ZP Hibridi | Zastupni\u0161tvo | RAPI\u0106\",\"isPartOf\":{\"@id\":\"https:\/\/rapic.ba\/#website\"},\"primaryImageOfPage\":{\"@id\":\"https:\/\/rapic.ba\/zp-hibridi\/#primaryimage\"},\"image\":{\"@id\":\"https:\/\/rapic.ba\/zp-hibridi\/#primaryimage\"},\"thumbnailUrl\":\"https:\/\/rapic.ba\/wp-content\/uploads\/2023\/12\/1-2-scaled.jpg\",\"datePublished\":\"2023-12-22T05:18:20+00:00\",\"dateModified\":\"2024-02-05T11:58:17+00:00\",\"description\":\"Institut za kukuruz \u201eZemun Polje\u201c vode\u0107a nau\u010dno-istra\u017eiva\u010dkih ustanova u regionu, bavi se stvaranjem, proizvodnjom novih hibrida kukuruza.\",\"breadcrumb\":{\"@id\":\"https:\/\/rapic.ba\/zp-hibridi\/#breadcrumb\"},\"inLanguage\":\"en-US\",\"potentialAction\":[{\"@type\":\"ReadAction\",\"target\":[\"https:\/\/rapic.ba\/zp-hibridi\/\"]}]},{\"@type\":\"ImageObject\",\"inLanguage\":\"en-US\",\"@id\":\"https:\/\/rapic.ba\/zp-hibridi\/#primaryimage\",\"url\":\"https:\/\/rapic.ba\/wp-content\/uploads\/2023\/12\/1-2-scaled.jpg\",\"contentUrl\":\"https:\/\/rapic.ba\/wp-content\/uploads\/2023\/12\/1-2-scaled.jpg\",\"width\":2560,\"height\":1707},{\"@type\":\"BreadcrumbList\",\"@id\":\"https:\/\/rapic.ba\/zp-hibridi\/#breadcrumb\",\"itemListElement\":[{\"@type\":\"ListItem\",\"position\":1,\"name\":\"Home\",\"item\":\"https:\/\/rapic.ba\/en\/\"},{\"@type\":\"ListItem\",\"position\":2,\"name\":\"ZP Hibridi\"}]},{\"@type\":\"WebSite\",\"@id\":\"https:\/\/rapic.ba\/#website\",\"url\":\"https:\/\/rapic.ba\/\",\"name\":\"RAPI\u0106\",\"description\":\"proizvodnja | veleprodaja | maloprodaja\",\"potentialAction\":[{\"@type\":\"SearchAction\",\"target\":{\"@type\":\"EntryPoint\",\"urlTemplate\":\"https:\/\/rapic.ba\/?s={search_term_string}\"},\"query-input\":{\"@type\":\"PropertyValueSpecification\",\"valueRequired\":true,\"valueName\":\"search_term_string\"}}],\"inLanguage\":\"en-US\"}]}<\/script>\n<!-- \/ Yoast SEO plugin. -->","yoast_head_json":{"title":"ZP Hibridi | Zastupni\u0161tvo | RAPI\u0106","description":"Institut za kukuruz \u201eZemun Polje\u201c vode\u0107a nau\u010dno-istra\u017eiva\u010dkih ustanova u regionu, bavi se stvaranjem, proizvodnjom novih hibrida kukuruza.","robots":{"index":"index","follow":"follow","max-snippet":"max-snippet:-1","max-image-preview":"max-image-preview:large","max-video-preview":"max-video-preview:-1"},"canonical":"https:\/\/rapic.ba\/zp-hibridi\/","og_locale":"en_US","og_type":"article","og_title":"ZP Hibridi | Zastupni\u0161tvo | RAPI\u0106","og_description":"Institut za kukuruz \u201eZemun Polje\u201c vode\u0107a nau\u010dno-istra\u017eiva\u010dkih ustanova u regionu, bavi se stvaranjem, proizvodnjom novih hibrida kukuruza.","og_url":"https:\/\/rapic.ba\/zp-hibridi\/","og_site_name":"RAPI\u0106","article_modified_time":"2024-02-05T11:58:17+00:00","og_image":[{"width":2560,"height":1707,"url":"https:\/\/rapic.ba\/wp-content\/uploads\/2023\/12\/1-2-scaled.jpg","type":"image\/jpeg"}],"twitter_card":"summary_large_image","twitter_misc":{"Est. reading time":"6 minutes"},"schema":{"@context":"https:\/\/schema.org","@graph":[{"@type":"WebPage","@id":"https:\/\/rapic.ba\/zp-hibridi\/","url":"https:\/\/rapic.ba\/zp-hibridi\/","name":"ZP Hibridi | Zastupni\u0161tvo | RAPI\u0106","isPartOf":{"@id":"https:\/\/rapic.ba\/#website"},"primaryImageOfPage":{"@id":"https:\/\/rapic.ba\/zp-hibridi\/#primaryimage"},"image":{"@id":"https:\/\/rapic.ba\/zp-hibridi\/#primaryimage"},"thumbnailUrl":"https:\/\/rapic.ba\/wp-content\/uploads\/2023\/12\/1-2-scaled.jpg","datePublished":"2023-12-22T05:18:20+00:00","dateModified":"2024-02-05T11:58:17+00:00","description":"Institut za kukuruz \u201eZemun Polje\u201c vode\u0107a nau\u010dno-istra\u017eiva\u010dkih ustanova u regionu, bavi se stvaranjem, proizvodnjom novih hibrida kukuruza.","breadcrumb":{"@id":"https:\/\/rapic.ba\/zp-hibridi\/#breadcrumb"},"inLanguage":"en-US","potentialAction":[{"@type":"ReadAction","target":["https:\/\/rapic.ba\/zp-hibridi\/"]}]},{"@type":"ImageObject","inLanguage":"en-US","@id":"https:\/\/rapic.ba\/zp-hibridi\/#primaryimage","url":"https:\/\/rapic.ba\/wp-content\/uploads\/2023\/12\/1-2-scaled.jpg","contentUrl":"https:\/\/rapic.ba\/wp-content\/uploads\/2023\/12\/1-2-scaled.jpg","width":2560,"height":1707},{"@type":"BreadcrumbList","@id":"https:\/\/rapic.ba\/zp-hibridi\/#breadcrumb","itemListElement":[{"@type":"ListItem","position":1,"name":"Home","item":"https:\/\/rapic.ba\/en\/"},{"@type":"ListItem","position":2,"name":"ZP Hibridi"}]},{"@type":"WebSite","@id":"https:\/\/rapic.ba\/#website","url":"https:\/\/rapic.ba\/","name":"RAPI\u0106","description":"proizvodnja | veleprodaja | maloprodaja","potentialAction":[{"@type":"SearchAction","target":{"@type":"EntryPoint","urlTemplate":"https:\/\/rapic.ba\/?s={search_term_string}"},"query-input":{"@type":"PropertyValueSpecification","valueRequired":true,"valueName":"search_term_string"}}],"inLanguage":"en-US"}]}},"_links":{"self":[{"href":"https:\/\/rapic.ba\/en\/wp-json\/wp\/v2\/pages\/5452","targetHints":{"allow":["GET"]}}],"collection":[{"href":"https:\/\/rapic.ba\/en\/wp-json\/wp\/v2\/pages"}],"about":[{"href":"https:\/\/rapic.ba\/en\/wp-json\/wp\/v2\/types\/page"}],"author":[{"embeddable":true,"href":"https:\/\/rapic.ba\/en\/wp-json\/wp\/v2\/users\/1"}],"replies":[{"embeddable":true,"href":"https:\/\/rapic.ba\/en\/wp-json\/wp\/v2\/comments?post=5452"}],"version-history":[{"count":9,"href":"https:\/\/rapic.ba\/en\/wp-json\/wp\/v2\/pages\/5452\/revisions"}],"predecessor-version":[{"id":5814,"href":"https:\/\/rapic.ba\/en\/wp-json\/wp\/v2\/pages\/5452\/revisions\/5814"}],"wp:featuredmedia":[{"embeddable":true,"href":"https:\/\/rapic.ba\/en\/wp-json\/wp\/v2\/media\/5386"}],"wp:attachment":[{"href":"https:\/\/rapic.ba\/en\/wp-json\/wp\/v2\/media?parent=5452"}],"curies":[{"name":"wp","href":"https:\/\/api.w.org\/{rel}","templated":true}]}}