{"id":5454,"date":"2023-12-14T13:41:52","date_gmt":"2023-12-14T13:41:52","guid":{"rendered":"https:\/\/rapic.ba\/revita-farms\/"},"modified":"2023-12-14T13:41:52","modified_gmt":"2023-12-14T13:41:52","slug":"revita-farms","status":"publish","type":"page","link":"https:\/\/rapic.ba\/en\/revita-farms\/","title":{"rendered":"Revita Farms"},"content":{"rendered":"\t\t<div data-elementor-type=\"wp-page\" data-elementor-id=\"5454\" class=\"elementor elementor-5454\" data-elementor-post-type=\"page\">\n\t\t\t\t<div class=\"elementor-element elementor-element-f545b81 e-flex e-con-boxed e-con e-parent\" data-id=\"f545b81\" data-element_type=\"container\">\n\t\t\t\t\t<div class=\"e-con-inner\">\n\t\t<div class=\"elementor-element elementor-element-6e81859 e-con-full e-flex e-con e-child\" data-id=\"6e81859\" data-element_type=\"container\">\n\t\t\t\t<div class=\"elementor-element elementor-element-a9b4739 elementor-widget elementor-widget-image\" data-id=\"a9b4739\" data-element_type=\"widget\" data-widget_type=\"image.default\">\n\t\t\t\t<div class=\"elementor-widget-container\">\n\t\t\t\t\t\t\t\t\t\t\t\t\t\t\t<img fetchpriority=\"high\" decoding=\"async\" width=\"626\" height=\"314\" src=\"https:\/\/rapic.ba\/wp-content\/uploads\/2023\/12\/Ikonice-06.png\" class=\"attachment-large size-large wp-image-4114\" alt=\"\" srcset=\"https:\/\/rapic.ba\/wp-content\/uploads\/2023\/12\/Ikonice-06.png 626w, https:\/\/rapic.ba\/wp-content\/uploads\/2023\/12\/Ikonice-06-300x150.png 300w, https:\/\/rapic.ba\/wp-content\/uploads\/2023\/12\/Ikonice-06-600x301.png 600w\" sizes=\"(max-width: 626px) 100vw, 626px\" \/>\t\t\t\t\t\t\t\t\t\t\t\t\t\t\t<\/div>\n\t\t\t\t<\/div>\n\t\t\t\t<div class=\"elementor-element elementor-element-a4ad22b elementor-widget elementor-widget-text-editor\" data-id=\"a4ad22b\" data-element_type=\"widget\" data-widget_type=\"text-editor.default\">\n\t\t\t\t<div class=\"elementor-widget-container\">\n\t\t\t\t\t\t\t\t\t<p>Poslovna jedinica \u201eRevita Farms\u201c je savremena farma za tov junadi, novijeg datuma izgradnje. Farma se nalazi u selu Li\u0161nja, op\u0161tina Prnjavor i sastoji se od nekoliko organizacionih segmenata, koji su logi\u010dno i efikasno povezani u zaokru\u017een sistem proizvodnje. Sam naziv posmatrane poslovne jedinice nastao je iz \u017eelje o\u010duvanja na\u0161eg naslje\u0111a i odavanja po\u0161tovanja prema osniva\u010dima kompanije \u201eRapi\u0107\u201c. Naime, brend sto\u010dne hrane \u201eFarmofit\u201c je u svojim po\u010decima nosio ime \u201eVitamix\u201c. To je bio prvi, vlasiti brend kompanije \u201eRapi\u0107\u201c, koji je osmislio i na tr\u017ei\u0161te lansirao tada\u0161nji direktor, Tihomir Rapi\u0107. Vremenom, \u201eVitamix\u201c je postao \u201eFarmofit\u201c, ali mi nismo zaboravili doprinos na\u0161ih prethodnika, koji su radili sa prvenstvenim ciljem ponovnog o\u017eivljavanja poljoprivrede ovog kraja. \u0160tavi\u0161e, nastavili smo dalje i jo\u0161 sna\u017enije, prema istom cilju. Zbog toga je \u201eVita\u201c u \u201eRevita Farms\u201c. Dodali smo samo prefiks \u201eRe\u201c, kako bismo dodatno naglasili te\u017enju prema jo\u0161 sna\u017enijoj revitalizaciji, kako na ponovno uspostavljenoj farmi, tako i u cjelokupnom doma\u0107em agrarnom sektoru.<\/p><p>\u00a0<\/p><p>Najva\u017eniji dio farme je onaj koji se odnosi na objekte za smje\u0161taj goveda i organizaciju intenzivnog tova. Kapacitet tog segmenta je do 550 junadi u tovu. Grla za tov se uvoze iz respektabilnih evropskih centara za reprodukciju teladi. U pogledu rasne strukture, fokus je rasama kao \u0161to su simentalac, angus i belgijsko plavo govedo. Tako\u0111e, farma raspola\u017ee sa zna\u010dajnim kapacitetima za prihvat, su\u0161nje i skladi\u0161tenje \u017eita, zatim sa kapacitetima za skladi\u0161tenje sto\u010dne hrane, adekvatno \u010duvanje sila\u017ee, sijena i drugih elemenata u ishrani \u017eivotinja. Proizvodne aktivnosti obavljaju se na vlastitom i iznajmljenom zemlji\u0161tu, pomo\u0107u vlastite profesionalne mahanizacije i od strane lokalno anga\u017eovane radne snage.<\/p><p>\u00a0<\/p><p>Sve aktivnosti na farmi su pod nadzorom profesionalnog osoblja kompanije \u201eRapi\u0107\u201c, \u017eivotinje se hrane po veoma precizno izbalansiranim recepturama, a koje su projektovane za pomenute rase goveda. Odli\u010dan zdravstveni status svake jedinke je imperativan i po\u010diva na profesionalnoj veterinarskoj njezi i principima \u201edobrog doma\u0107ina\u201c.<\/p>\t\t\t\t\t\t\t\t<\/div>\n\t\t\t\t<\/div>\n\t\t\t\t<div class=\"elementor-element elementor-element-0f828ce elementor-align-center elementor-widget elementor-widget-button\" data-id=\"0f828ce\" data-element_type=\"widget\" data-widget_type=\"button.default\">\n\t\t\t\t<div class=\"elementor-widget-container\">\n\t\t\t\t\t\t\t\t\t<div class=\"elementor-button-wrapper\">\n\t\t\t\t\t<a class=\"elementor-button elementor-button-link elementor-size-sm\" href=\"#\">\n\t\t\t\t\t\t<span class=\"elementor-button-content-wrapper\">\n\t\t\t\t\t\t<span class=\"elementor-button-icon\">\n\t\t\t\t<svg aria-hidden=\"true\" class=\"e-font-icon-svg e-fas-arrow-right\" viewBox=\"0 0 448 512\" xmlns=\"http:\/\/www.w3.org\/2000\/svg\"><path d=\"M190.5 66.9l22.2-22.2c9.4-9.4 24.6-9.4 33.9 0L441 239c9.4 9.4 9.4 24.6 0 33.9L246.6 467.3c-9.4 9.4-24.6 9.4-33.9 0l-22.2-22.2c-9.5-9.5-9.3-25 .4-34.3L311.4 296H24c-13.3 0-24-10.7-24-24v-32c0-13.3 10.7-24 24-24h287.4L190.9 101.2c-9.8-9.3-10-24.8-.4-34.3z\"><\/path><\/svg>\t\t\t<\/span>\n\t\t\t\t\t\t\t\t\t<span class=\"elementor-button-text\">KONTAKTIRAJTE NAS<\/span>\n\t\t\t\t\t<\/span>\n\t\t\t\t\t<\/a>\n\t\t\t\t<\/div>\n\t\t\t\t\t\t\t\t<\/div>\n\t\t\t\t<\/div>\n\t\t\t\t<\/div>\n\t\t\t\t\t<\/div>\n\t\t\t\t<\/div>\n\t\t<div class=\"elementor-element elementor-element-6316ae2 e-flex e-con-boxed e-con e-parent\" data-id=\"6316ae2\" data-element_type=\"container\">\n\t\t\t\t\t<div class=\"e-con-inner\">\n\t\t\t\t<div class=\"elementor-element elementor-element-d2bc1dd elementor-arrows-position-inside elementor-pagination-position-outside elementor-widget elementor-widget-image-carousel\" data-id=\"d2bc1dd\" data-element_type=\"widget\" data-settings=\"{&quot;image_spacing_custom&quot;:{&quot;unit&quot;:&quot;px&quot;,&quot;size&quot;:9,&quot;sizes&quot;:[]},&quot;navigation&quot;:&quot;both&quot;,&quot;autoplay&quot;:&quot;yes&quot;,&quot;pause_on_hover&quot;:&quot;yes&quot;,&quot;pause_on_interaction&quot;:&quot;yes&quot;,&quot;autoplay_speed&quot;:5000,&quot;infinite&quot;:&quot;yes&quot;,&quot;speed&quot;:500,&quot;image_spacing_custom_tablet&quot;:{&quot;unit&quot;:&quot;px&quot;,&quot;size&quot;:&quot;&quot;,&quot;sizes&quot;:[]},&quot;image_spacing_custom_mobile&quot;:{&quot;unit&quot;:&quot;px&quot;,&quot;size&quot;:&quot;&quot;,&quot;sizes&quot;:[]}}\" data-widget_type=\"image-carousel.default\">\n\t\t\t\t<div class=\"elementor-widget-container\">\n\t\t\t\t\t\t\t<div class=\"elementor-image-carousel-wrapper swiper\" role=\"region\" aria-roledescription=\"carousel\" aria-label=\"Image Carousel\" dir=\"ltr\">\n\t\t\t<div class=\"elementor-image-carousel swiper-wrapper\" aria-live=\"off\">\n\t\t\t\t\t\t\t\t<div class=\"swiper-slide\" role=\"group\" aria-roledescription=\"slide\" aria-label=\"1 of 6\"><figure class=\"swiper-slide-inner\"><img decoding=\"async\" class=\"swiper-slide-image\" src=\"https:\/\/rapic.ba\/wp-content\/uploads\/2023\/02\/service-4-min.jpg\" alt=\"service-4-min\" \/><\/figure><\/div><div class=\"swiper-slide\" role=\"group\" aria-roledescription=\"slide\" aria-label=\"2 of 6\"><figure class=\"swiper-slide-inner\"><img decoding=\"async\" class=\"swiper-slide-image\" src=\"https:\/\/rapic.ba\/wp-content\/uploads\/2023\/02\/service-7-min.jpg\" alt=\"service-7-min\" \/><\/figure><\/div><div class=\"swiper-slide\" role=\"group\" aria-roledescription=\"slide\" aria-label=\"3 of 6\"><figure class=\"swiper-slide-inner\"><img decoding=\"async\" class=\"swiper-slide-image\" src=\"https:\/\/rapic.ba\/wp-content\/uploads\/2023\/02\/service-5-min.jpg\" alt=\"service-5-min\" \/><\/figure><\/div><div class=\"swiper-slide\" role=\"group\" aria-roledescription=\"slide\" aria-label=\"4 of 6\"><figure class=\"swiper-slide-inner\"><img decoding=\"async\" class=\"swiper-slide-image\" src=\"https:\/\/rapic.ba\/wp-content\/uploads\/2023\/02\/service-3-min.jpg\" alt=\"service-3-min\" \/><\/figure><\/div><div class=\"swiper-slide\" role=\"group\" aria-roledescription=\"slide\" aria-label=\"5 of 6\"><figure class=\"swiper-slide-inner\"><img decoding=\"async\" class=\"swiper-slide-image\" src=\"https:\/\/rapic.ba\/wp-content\/uploads\/2022\/12\/service-2-min-1.jpg\" alt=\"service-2-min\" \/><\/figure><\/div><div class=\"swiper-slide\" role=\"group\" aria-roledescription=\"slide\" aria-label=\"6 of 6\"><figure class=\"swiper-slide-inner\"><img decoding=\"async\" class=\"swiper-slide-image\" src=\"https:\/\/rapic.ba\/wp-content\/uploads\/2022\/12\/service-1-min-1.jpg\" alt=\"service-1-min\" \/><\/figure><\/div>\t\t\t<\/div>\n\t\t\t\t\t\t\t\t\t\t\t\t<div class=\"elementor-swiper-button elementor-swiper-button-prev\" role=\"button\" tabindex=\"0\">\n\t\t\t\t\t\t<svg aria-hidden=\"true\" class=\"e-font-icon-svg e-eicon-chevron-left\" viewBox=\"0 0 1000 1000\" xmlns=\"http:\/\/www.w3.org\/2000\/svg\"><path d=\"M646 125C629 125 613 133 604 142L308 442C296 454 292 471 292 487 292 504 296 521 308 533L604 854C617 867 629 875 646 875 663 875 679 871 692 858 704 846 713 829 713 812 713 796 708 779 692 767L438 487 692 225C700 217 708 204 708 187 708 171 704 154 692 142 675 129 663 125 646 125Z\"><\/path><\/svg>\t\t\t\t\t<\/div>\n\t\t\t\t\t<div class=\"elementor-swiper-button elementor-swiper-button-next\" role=\"button\" tabindex=\"0\">\n\t\t\t\t\t\t<svg aria-hidden=\"true\" class=\"e-font-icon-svg e-eicon-chevron-right\" viewBox=\"0 0 1000 1000\" xmlns=\"http:\/\/www.w3.org\/2000\/svg\"><path d=\"M696 533C708 521 713 504 713 487 713 471 708 454 696 446L400 146C388 133 375 125 354 125 338 125 325 129 313 142 300 154 292 171 292 187 292 204 296 221 308 233L563 492 304 771C292 783 288 800 288 817 288 833 296 850 308 863 321 871 338 875 354 875 371 875 388 867 400 854L696 533Z\"><\/path><\/svg>\t\t\t\t\t<\/div>\n\t\t\t\t\n\t\t\t\t\t\t\t\t\t<div class=\"swiper-pagination\"><\/div>\n\t\t\t\t\t\t\t\t\t<\/div>\n\t\t\t\t\t\t<\/div>\n\t\t\t\t<\/div>\n\t\t\t\t\t<\/div>\n\t\t\t\t<\/div>\n\t\t\t\t<\/div>\n\t\t","protected":false},"excerpt":{"rendered":"<p>Poslovna jedinica \u201eRevita Farms\u201c je savremena farma za tov junadi, novijeg datuma izgradnje. Farma se nalazi u selu Li\u0161nja, op\u0161tina Prnjavor i sastoji se od nekoliko organizacionih segmenata, koji su logi\u010dno i efikasno povezani u zaokru\u017een sistem proizvodnje. Sam naziv posmatrane poslovne jedinice nastao je iz \u017eelje o\u010duvanja na\u0161eg naslje\u0111a i odavanja po\u0161tovanja prema osniva\u010dima [&hellip;]<\/p>\n","protected":false},"author":1,"featured_media":0,"parent":0,"menu_order":0,"comment_status":"closed","ping_status":"closed","template":"","meta":{"footnotes":""},"class_list":["post-5454","page","type-page","status-publish","hentry"],"yoast_head":"<!-- This site is optimized with the Yoast SEO plugin v24.5 - https:\/\/yoast.com\/wordpress\/plugins\/seo\/ -->\n<title>Revita Farms - RAPI\u0106<\/title>\n<meta name=\"robots\" content=\"index, follow, max-snippet:-1, max-image-preview:large, max-video-preview:-1\" \/>\n<link rel=\"canonical\" href=\"https:\/\/rapic.ba\/en\/revita-farms\/\" \/>\n<meta property=\"og:locale\" content=\"en_US\" \/>\n<meta property=\"og:type\" content=\"article\" \/>\n<meta property=\"og:title\" content=\"Revita Farms - RAPI\u0106\" \/>\n<meta property=\"og:description\" content=\"Poslovna jedinica \u201eRevita Farms\u201c je savremena farma za tov junadi, novijeg datuma izgradnje. Farma se nalazi u selu Li\u0161nja, op\u0161tina Prnjavor i sastoji se od nekoliko organizacionih segmenata, koji su logi\u010dno i efikasno povezani u zaokru\u017een sistem proizvodnje. Sam naziv posmatrane poslovne jedinice nastao je iz \u017eelje o\u010duvanja na\u0161eg naslje\u0111a i odavanja po\u0161tovanja prema osniva\u010dima [&hellip;]\" \/>\n<meta property=\"og:url\" content=\"https:\/\/rapic.ba\/en\/revita-farms\/\" \/>\n<meta property=\"og:site_name\" content=\"RAPI\u0106\" \/>\n<meta property=\"og:image\" content=\"https:\/\/rapic.ba\/wp-content\/uploads\/2023\/12\/Ikonice-06.png\" \/>\n<meta name=\"twitter:card\" content=\"summary_large_image\" \/>\n<meta name=\"twitter:label1\" content=\"Est. reading time\" \/>\n\t<meta name=\"twitter:data1\" content=\"2 minutes\" \/>\n<script type=\"application\/ld+json\" class=\"yoast-schema-graph\">{\"@context\":\"https:\/\/schema.org\",\"@graph\":[{\"@type\":\"WebPage\",\"@id\":\"https:\/\/rapic.ba\/en\/revita-farms\/\",\"url\":\"https:\/\/rapic.ba\/en\/revita-farms\/\",\"name\":\"Revita Farms - RAPI\u0106\",\"isPartOf\":{\"@id\":\"https:\/\/rapic.ba\/#website\"},\"primaryImageOfPage\":{\"@id\":\"https:\/\/rapic.ba\/en\/revita-farms\/#primaryimage\"},\"image\":{\"@id\":\"https:\/\/rapic.ba\/en\/revita-farms\/#primaryimage\"},\"thumbnailUrl\":\"https:\/\/rapic.ba\/wp-content\/uploads\/2023\/12\/Ikonice-06.png\",\"datePublished\":\"2023-12-14T13:41:52+00:00\",\"breadcrumb\":{\"@id\":\"https:\/\/rapic.ba\/en\/revita-farms\/#breadcrumb\"},\"inLanguage\":\"en-US\",\"potentialAction\":[{\"@type\":\"ReadAction\",\"target\":[\"https:\/\/rapic.ba\/en\/revita-farms\/\"]}]},{\"@type\":\"ImageObject\",\"inLanguage\":\"en-US\",\"@id\":\"https:\/\/rapic.ba\/en\/revita-farms\/#primaryimage\",\"url\":\"https:\/\/rapic.ba\/wp-content\/uploads\/2023\/12\/Ikonice-06.png\",\"contentUrl\":\"https:\/\/rapic.ba\/wp-content\/uploads\/2023\/12\/Ikonice-06.png\"},{\"@type\":\"BreadcrumbList\",\"@id\":\"https:\/\/rapic.ba\/en\/revita-farms\/#breadcrumb\",\"itemListElement\":[{\"@type\":\"ListItem\",\"position\":1,\"name\":\"Home\",\"item\":\"https:\/\/rapic.ba\/en\/\"},{\"@type\":\"ListItem\",\"position\":2,\"name\":\"Revita Farms\"}]},{\"@type\":\"WebSite\",\"@id\":\"https:\/\/rapic.ba\/#website\",\"url\":\"https:\/\/rapic.ba\/\",\"name\":\"RAPI\u0106\",\"description\":\"proizvodnja | veleprodaja | maloprodaja\",\"potentialAction\":[{\"@type\":\"SearchAction\",\"target\":{\"@type\":\"EntryPoint\",\"urlTemplate\":\"https:\/\/rapic.ba\/?s={search_term_string}\"},\"query-input\":{\"@type\":\"PropertyValueSpecification\",\"valueRequired\":true,\"valueName\":\"search_term_string\"}}],\"inLanguage\":\"en-US\"}]}<\/script>\n<!-- \/ Yoast SEO plugin. -->","yoast_head_json":{"title":"Revita Farms - RAPI\u0106","robots":{"index":"index","follow":"follow","max-snippet":"max-snippet:-1","max-image-preview":"max-image-preview:large","max-video-preview":"max-video-preview:-1"},"canonical":"https:\/\/rapic.ba\/en\/revita-farms\/","og_locale":"en_US","og_type":"article","og_title":"Revita Farms - RAPI\u0106","og_description":"Poslovna jedinica \u201eRevita Farms\u201c je savremena farma za tov junadi, novijeg datuma izgradnje. Farma se nalazi u selu Li\u0161nja, op\u0161tina Prnjavor i sastoji se od nekoliko organizacionih segmenata, koji su logi\u010dno i efikasno povezani u zaokru\u017een sistem proizvodnje. Sam naziv posmatrane poslovne jedinice nastao je iz \u017eelje o\u010duvanja na\u0161eg naslje\u0111a i odavanja po\u0161tovanja prema osniva\u010dima [&hellip;]","og_url":"https:\/\/rapic.ba\/en\/revita-farms\/","og_site_name":"RAPI\u0106","og_image":[{"url":"https:\/\/rapic.ba\/wp-content\/uploads\/2023\/12\/Ikonice-06.png","type":"","width":"","height":""}],"twitter_card":"summary_large_image","twitter_misc":{"Est. reading time":"2 minutes"},"schema":{"@context":"https:\/\/schema.org","@graph":[{"@type":"WebPage","@id":"https:\/\/rapic.ba\/en\/revita-farms\/","url":"https:\/\/rapic.ba\/en\/revita-farms\/","name":"Revita Farms - RAPI\u0106","isPartOf":{"@id":"https:\/\/rapic.ba\/#website"},"primaryImageOfPage":{"@id":"https:\/\/rapic.ba\/en\/revita-farms\/#primaryimage"},"image":{"@id":"https:\/\/rapic.ba\/en\/revita-farms\/#primaryimage"},"thumbnailUrl":"https:\/\/rapic.ba\/wp-content\/uploads\/2023\/12\/Ikonice-06.png","datePublished":"2023-12-14T13:41:52+00:00","breadcrumb":{"@id":"https:\/\/rapic.ba\/en\/revita-farms\/#breadcrumb"},"inLanguage":"en-US","potentialAction":[{"@type":"ReadAction","target":["https:\/\/rapic.ba\/en\/revita-farms\/"]}]},{"@type":"ImageObject","inLanguage":"en-US","@id":"https:\/\/rapic.ba\/en\/revita-farms\/#primaryimage","url":"https:\/\/rapic.ba\/wp-content\/uploads\/2023\/12\/Ikonice-06.png","contentUrl":"https:\/\/rapic.ba\/wp-content\/uploads\/2023\/12\/Ikonice-06.png"},{"@type":"BreadcrumbList","@id":"https:\/\/rapic.ba\/en\/revita-farms\/#breadcrumb","itemListElement":[{"@type":"ListItem","position":1,"name":"Home","item":"https:\/\/rapic.ba\/en\/"},{"@type":"ListItem","position":2,"name":"Revita Farms"}]},{"@type":"WebSite","@id":"https:\/\/rapic.ba\/#website","url":"https:\/\/rapic.ba\/","name":"RAPI\u0106","description":"proizvodnja | veleprodaja | maloprodaja","potentialAction":[{"@type":"SearchAction","target":{"@type":"EntryPoint","urlTemplate":"https:\/\/rapic.ba\/?s={search_term_string}"},"query-input":{"@type":"PropertyValueSpecification","valueRequired":true,"valueName":"search_term_string"}}],"inLanguage":"en-US"}]}},"_links":{"self":[{"href":"https:\/\/rapic.ba\/en\/wp-json\/wp\/v2\/pages\/5454","targetHints":{"allow":["GET"]}}],"collection":[{"href":"https:\/\/rapic.ba\/en\/wp-json\/wp\/v2\/pages"}],"about":[{"href":"https:\/\/rapic.ba\/en\/wp-json\/wp\/v2\/types\/page"}],"author":[{"embeddable":true,"href":"https:\/\/rapic.ba\/en\/wp-json\/wp\/v2\/users\/1"}],"replies":[{"embeddable":true,"href":"https:\/\/rapic.ba\/en\/wp-json\/wp\/v2\/comments?post=5454"}],"version-history":[{"count":0,"href":"https:\/\/rapic.ba\/en\/wp-json\/wp\/v2\/pages\/5454\/revisions"}],"wp:attachment":[{"href":"https:\/\/rapic.ba\/en\/wp-json\/wp\/v2\/media?parent=5454"}],"curies":[{"name":"wp","href":"https:\/\/api.w.org\/{rel}","templated":true}]}}