{"id":5458,"date":"2022-12-29T09:18:48","date_gmt":"2022-12-29T07:18:48","guid":{"rendered":"https:\/\/rapic.ba\/onama\/"},"modified":"2024-01-31T16:02:21","modified_gmt":"2024-01-31T14:02:21","slug":"onama","status":"publish","type":"page","link":"https:\/\/rapic.ba\/en\/onama\/","title":{"rendered":"About us"},"content":{"rendered":"\t\t<div data-elementor-type=\"wp-page\" data-elementor-id=\"5458\" class=\"elementor elementor-5458\" data-elementor-post-type=\"page\">\n\t\t\t\t<div class=\"elementor-element elementor-element-7d2db21 e-flex e-con-boxed e-con e-parent\" data-id=\"7d2db21\" data-element_type=\"container\">\n\t\t\t\t\t<div class=\"e-con-inner\">\n\t\t\t\t<div class=\"elementor-element elementor-element-d863e9c elementor-widget elementor-widget-heading\" data-id=\"d863e9c\" data-element_type=\"widget\" data-widget_type=\"heading.default\">\n\t\t\t\t<div class=\"elementor-widget-container\">\n\t\t\t\t\t<h2 class=\"elementor-heading-title elementor-size-default\">About us<\/h2>\t\t\t\t<\/div>\n\t\t\t\t<\/div>\n\t\t\t\t\t<\/div>\n\t\t\t\t<\/div>\n\t\t<div class=\"elementor-element elementor-element-5f8bbed e-flex e-con-boxed e-con e-parent\" data-id=\"5f8bbed\" data-element_type=\"container\">\n\t\t\t\t\t<div class=\"e-con-inner\">\n\t\t<div class=\"elementor-element elementor-element-26d57c6 e-con-full e-flex e-con e-child\" data-id=\"26d57c6\" data-element_type=\"container\">\n\t\t\t\t<div class=\"elementor-element elementor-element-6098583 elementor-invisible elementor-widget elementor-widget-text-editor\" data-id=\"6098583\" data-element_type=\"widget\" data-settings=\"{&quot;_animation&quot;:&quot;bounceInLeft&quot;}\" data-widget_type=\"text-editor.default\">\n\t\t\t\t<div class=\"elementor-widget-container\">\n\t\t\t\t\t\t\t\t\tThe &#8220;RAPI\u0106&#8221; company is a family company, founded in 1990 in Gradi\u0161ka, as a trading company and one of the first private companies in the territory of the mentioned\nmunicipality. Although at the very beginning of its activity &#8220;RAPI\u0106&#8221; was not oriented towards the agricultural sector, the founders of the company very quickly recognized the potential of the area in which they operated, and directed their attention and efforts in the further development of the company towards one strategic goal &#8211; the establishment of a\nprofessional service for agricultural producers of a wider area of Lijev\u010de polje.\t\t\t\t\t\t\t\t<\/div>\n\t\t\t\t<\/div>\n\t\t\t\t<\/div>\n\t\t<div class=\"elementor-element elementor-element-8f94ade e-con-full e-flex e-con e-child\" data-id=\"8f94ade\" data-element_type=\"container\">\n\t\t\t\t<div class=\"elementor-element elementor-element-0cb5ed9 elementor-invisible elementor-widget elementor-widget-image\" data-id=\"0cb5ed9\" data-element_type=\"widget\" data-settings=\"{&quot;_animation&quot;:&quot;fadeInRight&quot;}\" data-widget_type=\"image.default\">\n\t\t\t\t<div class=\"elementor-widget-container\">\n\t\t\t\t\t\t\t\t\t\t\t\t\t\t\t<img fetchpriority=\"high\" decoding=\"async\" width=\"1024\" height=\"683\" src=\"https:\/\/rapic.ba\/wp-content\/uploads\/2022\/12\/1-1024x683.jpg\" class=\"attachment-large size-large wp-image-4229\" alt=\"\" srcset=\"https:\/\/rapic.ba\/wp-content\/uploads\/2022\/12\/1-1024x683.jpg 1024w, https:\/\/rapic.ba\/wp-content\/uploads\/2022\/12\/1-300x200.jpg 300w, https:\/\/rapic.ba\/wp-content\/uploads\/2022\/12\/1-768x512.jpg 768w, https:\/\/rapic.ba\/wp-content\/uploads\/2022\/12\/1-1536x1024.jpg 1536w, https:\/\/rapic.ba\/wp-content\/uploads\/2022\/12\/1-2048x1365.jpg 2048w, https:\/\/rapic.ba\/wp-content\/uploads\/2022\/12\/1-600x400.jpg 600w\" sizes=\"(max-width: 1024px) 100vw, 1024px\" \/>\t\t\t\t\t\t\t\t\t\t\t\t\t\t\t<\/div>\n\t\t\t\t<\/div>\n\t\t\t\t<\/div>\n\t\t\t\t\t<\/div>\n\t\t\t\t<\/div>\n\t\t<div class=\"elementor-element elementor-element-3aa478c e-flex e-con-boxed e-con e-parent\" data-id=\"3aa478c\" data-element_type=\"container\">\n\t\t\t\t\t<div class=\"e-con-inner\">\n\t\t<div class=\"elementor-element elementor-element-13ef6f1 e-con-full e-flex e-con e-child\" data-id=\"13ef6f1\" data-element_type=\"container\">\n\t\t\t\t<div class=\"elementor-element elementor-element-ced6850 elementor-invisible elementor-widget elementor-widget-image\" data-id=\"ced6850\" data-element_type=\"widget\" data-settings=\"{&quot;_animation&quot;:&quot;fadeInRight&quot;}\" data-widget_type=\"image.default\">\n\t\t\t\t<div class=\"elementor-widget-container\">\n\t\t\t\t\t\t\t\t\t\t\t\t\t\t\t<img decoding=\"async\" width=\"1024\" height=\"683\" src=\"https:\/\/rapic.ba\/wp-content\/uploads\/2023\/12\/1-2-1024x683.jpg\" class=\"attachment-large size-large wp-image-4347\" alt=\"\" srcset=\"https:\/\/rapic.ba\/wp-content\/uploads\/2023\/12\/1-2-1024x683.jpg 1024w, https:\/\/rapic.ba\/wp-content\/uploads\/2023\/12\/1-2-300x200.jpg 300w, https:\/\/rapic.ba\/wp-content\/uploads\/2023\/12\/1-2-768x512.jpg 768w, https:\/\/rapic.ba\/wp-content\/uploads\/2023\/12\/1-2-1536x1024.jpg 1536w, https:\/\/rapic.ba\/wp-content\/uploads\/2023\/12\/1-2-2048x1365.jpg 2048w, https:\/\/rapic.ba\/wp-content\/uploads\/2023\/12\/1-2-600x400.jpg 600w\" sizes=\"(max-width: 1024px) 100vw, 1024px\" \/>\t\t\t\t\t\t\t\t\t\t\t\t\t\t\t<\/div>\n\t\t\t\t<\/div>\n\t\t\t\t<\/div>\n\t\t<div class=\"elementor-element elementor-element-c4a93f9 e-con-full e-flex e-con e-child\" data-id=\"c4a93f9\" data-element_type=\"container\">\n\t\t\t\t<div class=\"elementor-element elementor-element-596cc14 elementor-invisible elementor-widget elementor-widget-text-editor\" data-id=\"596cc14\" data-element_type=\"widget\" data-settings=\"{&quot;_animation&quot;:&quot;bounceInRight&quot;}\" data-widget_type=\"text-editor.default\">\n\t\t\t\t<div class=\"elementor-widget-container\">\n\t\t\t\t\t\t\t\t\t<p>Thanks to healthy operations and strategic orientation to agriculture, the &#8220;RAPI\u0106&#8221; company became an importer of mineral fertilizers from the company &#8220;Petrokemija&#8221; from Kutina, as well as hybrids from the &#8220;Zemun Polje&#8221; Maize research institute, for the entire area of Bosnia and Herzegovina. From that moment on. more intensive activities of the company in the agricultural sector begin, which will result in the construction of one of the most modern fodder factories in the region.<\/p>\t\t\t\t\t\t\t\t<\/div>\n\t\t\t\t<\/div>\n\t\t\t\t<\/div>\n\t\t\t\t\t<\/div>\n\t\t\t\t<\/div>\n\t\t<div class=\"elementor-element elementor-element-ab2132e e-flex e-con-boxed e-con e-parent\" data-id=\"ab2132e\" data-element_type=\"container\">\n\t\t\t\t\t<div class=\"e-con-inner\">\n\t\t<div class=\"elementor-element elementor-element-1a05792 e-con-full e-flex e-con e-child\" data-id=\"1a05792\" data-element_type=\"container\">\n\t\t\t\t<div class=\"elementor-element elementor-element-5614f2d elementor-invisible elementor-widget elementor-widget-text-editor\" data-id=\"5614f2d\" data-element_type=\"widget\" data-settings=\"{&quot;_animation&quot;:&quot;bounceInLeft&quot;}\" data-widget_type=\"text-editor.default\">\n\t\t\t\t<div class=\"elementor-widget-container\">\n\t\t\t\t\t\t\t\t\t<p>In the facilities of the &#8220;Farmofit&#8221; fodder factory, as the basic business unit of the &#8220;RAPI\u0106&#8221; company, the production of ready-made fodder began in April 2011. Just before that, one of the largest floor warehouses for corn in Bosnia and Herzegovina, which has been the stronghold of the largest number of large and small farmers from the municipalities of Gradi\u0161ka, Srbac and Lakta\u0161i, was put into operation. Thanks to a clear vision of growth and development, &#8220;Farmofit&#8221; is becoming a recognizable brand on the domestic market and the factory is a leader in the production of quality animal feed, based on domestic raw materials.<\/p>\t\t\t\t\t\t\t\t<\/div>\n\t\t\t\t<\/div>\n\t\t\t\t<\/div>\n\t\t<div class=\"elementor-element elementor-element-ad9ec9a e-con-full e-flex e-con e-child\" data-id=\"ad9ec9a\" data-element_type=\"container\">\n\t\t\t\t<div class=\"elementor-element elementor-element-22b3b84 elementor-invisible elementor-widget elementor-widget-image\" data-id=\"22b3b84\" data-element_type=\"widget\" data-settings=\"{&quot;_animation&quot;:&quot;fadeInRight&quot;}\" data-widget_type=\"image.default\">\n\t\t\t\t<div class=\"elementor-widget-container\">\n\t\t\t\t\t\t\t\t\t\t\t\t\t\t\t<img decoding=\"async\" width=\"1024\" height=\"683\" src=\"https:\/\/rapic.ba\/wp-content\/uploads\/2023\/12\/1-1024x683.jpg\" class=\"attachment-large size-large wp-image-4245\" alt=\"\" srcset=\"https:\/\/rapic.ba\/wp-content\/uploads\/2023\/12\/1-1024x683.jpg 1024w, https:\/\/rapic.ba\/wp-content\/uploads\/2023\/12\/1-300x200.jpg 300w, https:\/\/rapic.ba\/wp-content\/uploads\/2023\/12\/1-768x512.jpg 768w, https:\/\/rapic.ba\/wp-content\/uploads\/2023\/12\/1-1536x1024.jpg 1536w, https:\/\/rapic.ba\/wp-content\/uploads\/2023\/12\/1-2048x1365.jpg 2048w, https:\/\/rapic.ba\/wp-content\/uploads\/2023\/12\/1-600x400.jpg 600w\" sizes=\"(max-width: 1024px) 100vw, 1024px\" \/>\t\t\t\t\t\t\t\t\t\t\t\t\t\t\t<\/div>\n\t\t\t\t<\/div>\n\t\t\t\t<\/div>\n\t\t\t\t\t<\/div>\n\t\t\t\t<\/div>\n\t\t<div class=\"elementor-element elementor-element-3323d7a e-flex e-con-boxed e-con e-parent\" data-id=\"3323d7a\" data-element_type=\"container\">\n\t\t\t\t\t<div class=\"e-con-inner\">\n\t\t<div class=\"elementor-element elementor-element-1c9f53a e-con-full e-flex e-con e-child\" data-id=\"1c9f53a\" data-element_type=\"container\">\n\t\t\t\t<div class=\"elementor-element elementor-element-1adf41a elementor-invisible elementor-widget elementor-widget-image\" data-id=\"1adf41a\" data-element_type=\"widget\" data-settings=\"{&quot;_animation&quot;:&quot;fadeInLeft&quot;}\" data-widget_type=\"image.default\">\n\t\t\t\t<div class=\"elementor-widget-container\">\n\t\t\t\t\t\t\t\t\t\t\t\t\t\t\t<img loading=\"lazy\" decoding=\"async\" width=\"1024\" height=\"576\" src=\"https:\/\/rapic.ba\/wp-content\/uploads\/2023\/12\/1-1-1024x576.jpg\" class=\"attachment-large size-large wp-image-4258\" alt=\"\" srcset=\"https:\/\/rapic.ba\/wp-content\/uploads\/2023\/12\/1-1-1024x576.jpg 1024w, https:\/\/rapic.ba\/wp-content\/uploads\/2023\/12\/1-1-300x169.jpg 300w, https:\/\/rapic.ba\/wp-content\/uploads\/2023\/12\/1-1-768x432.jpg 768w, https:\/\/rapic.ba\/wp-content\/uploads\/2023\/12\/1-1-1536x864.jpg 1536w, https:\/\/rapic.ba\/wp-content\/uploads\/2023\/12\/1-1-600x338.jpg 600w, https:\/\/rapic.ba\/wp-content\/uploads\/2023\/12\/1-1.jpg 1600w\" sizes=\"(max-width: 1024px) 100vw, 1024px\" \/>\t\t\t\t\t\t\t\t\t\t\t\t\t\t\t<\/div>\n\t\t\t\t<\/div>\n\t\t\t\t<\/div>\n\t\t<div class=\"elementor-element elementor-element-1fbf3f5 e-con-full e-flex e-con e-child\" data-id=\"1fbf3f5\" data-element_type=\"container\">\n\t\t\t\t<div class=\"elementor-element elementor-element-d6ecb3f elementor-invisible elementor-widget elementor-widget-text-editor\" data-id=\"d6ecb3f\" data-element_type=\"widget\" data-settings=\"{&quot;_animation&quot;:&quot;bounceInRight&quot;}\" data-widget_type=\"text-editor.default\">\n\t\t\t\t<div class=\"elementor-widget-container\">\n\t\t\t\t\t\t\t\t\t<p>Currently, in addition to FSH &#8220;Farmofit&#8221;, the company also operates PJ &#8220;Poljoprivredna apoteka&#8221;, which includes professional agricultural inputs and equipment, then PJ &#8220;Revita Farms&#8221;, a modern beef fattening farm in an intensive system located in Prnjavor, as well as a forwarding agency for its own needs, which has a certificate from the International Federation of Forwarding Associations &#8220;FIATA&#8221; and a store of paints and varnishes.<\/p>\t\t\t\t\t\t\t\t<\/div>\n\t\t\t\t<\/div>\n\t\t\t\t<\/div>\n\t\t\t\t\t<\/div>\n\t\t\t\t<\/div>\n\t\t<div class=\"elementor-element elementor-element-2c9f664 e-flex e-con-boxed e-con e-parent\" data-id=\"2c9f664\" data-element_type=\"container\">\n\t\t\t\t\t<div class=\"e-con-inner\">\n\t\t<div class=\"elementor-element elementor-element-7402878 e-con-full e-flex e-con e-child\" data-id=\"7402878\" data-element_type=\"container\">\n\t\t\t\t<div class=\"elementor-element elementor-element-3939d6f elementor-invisible elementor-widget elementor-widget-text-editor\" data-id=\"3939d6f\" data-element_type=\"widget\" data-settings=\"{&quot;_animation&quot;:&quot;bounceInLeft&quot;}\" data-widget_type=\"text-editor.default\">\n\t\t\t\t<div class=\"elementor-widget-container\">\n\t\t\t\t\t\t\t\t\t<p>During more than thirty years of existence and work, &#8220;RAPI\u0106&#8221; doo has become a synonym for an organization that, in addition to the direct and most important inputs in agricultural production (forage, seeds and mineral fertilizers), provides its users and partners with raw material storage services, regular professional advisory support, organization of cooperative production, transportation services, forwarding, etc.<\/p><p>Due to the mentioned, integral approach in supporting domestic farmers, the &#8220;RAPI\u0106&#8221; company has become a unique group on the domestic and regional agricultural market.<\/p>\t\t\t\t\t\t\t\t<\/div>\n\t\t\t\t<\/div>\n\t\t\t\t<div class=\"elementor-element elementor-element-ad80286 elementor-align-center elementor-widget elementor-widget-button\" data-id=\"ad80286\" data-element_type=\"widget\" data-widget_type=\"button.default\">\n\t\t\t\t<div class=\"elementor-widget-container\">\n\t\t\t\t\t\t\t\t\t<div class=\"elementor-button-wrapper\">\n\t\t\t\t\t<a class=\"elementor-button elementor-button-link elementor-size-sm\" href=\"\/en\/kontakt\">\n\t\t\t\t\t\t<span class=\"elementor-button-content-wrapper\">\n\t\t\t\t\t\t<span class=\"elementor-button-icon\">\n\t\t\t\t<svg aria-hidden=\"true\" class=\"e-font-icon-svg e-fas-arrow-right\" viewBox=\"0 0 448 512\" xmlns=\"http:\/\/www.w3.org\/2000\/svg\"><path d=\"M190.5 66.9l22.2-22.2c9.4-9.4 24.6-9.4 33.9 0L441 239c9.4 9.4 9.4 24.6 0 33.9L246.6 467.3c-9.4 9.4-24.6 9.4-33.9 0l-22.2-22.2c-9.5-9.5-9.3-25 .4-34.3L311.4 296H24c-13.3 0-24-10.7-24-24v-32c0-13.3 10.7-24 24-24h287.4L190.9 101.2c-9.8-9.3-10-24.8-.4-34.3z\"><\/path><\/svg>\t\t\t<\/span>\n\t\t\t\t\t\t\t\t\t<span class=\"elementor-button-text\">CONTACT US<\/span>\n\t\t\t\t\t<\/span>\n\t\t\t\t\t<\/a>\n\t\t\t\t<\/div>\n\t\t\t\t\t\t\t\t<\/div>\n\t\t\t\t<\/div>\n\t\t\t\t<\/div>\n\t\t\t\t\t<\/div>\n\t\t\t\t<\/div>\n\t\t\t\t<\/div>\n\t\t","protected":false},"excerpt":{"rendered":"<p>About us The &#8220;RAPI\u0106&#8221; company is a family company, founded in 1990 in Gradi\u0161ka, as a trading company and one of the first private companies in the territory of the mentioned municipality. Although at the very beginning of its activity &#8220;RAPI\u0106&#8221; was not oriented towards the agricultural sector, the founders of the company very quickly [&hellip;]<\/p>\n","protected":false},"author":1,"featured_media":5347,"parent":0,"menu_order":0,"comment_status":"closed","ping_status":"closed","template":"template-fullwidth.php","meta":{"footnotes":""},"class_list":["post-5458","page","type-page","status-publish","has-post-thumbnail","hentry"],"yoast_head":"<!-- This site is optimized with the Yoast SEO plugin v24.5 - https:\/\/yoast.com\/wordpress\/plugins\/seo\/ -->\n<title>About us - RAPI\u0106<\/title>\n<meta name=\"description\" content=\"Kompanija \u201eRAPI\u0106\u201c je porodi\u010dna firma, osnovana 1990. godine u Gradi\u0161ci, kao trgova\u010dko preduze\u0107e i jedno od vode\u0107ih u svojoj bran\u0161i.\" \/>\n<meta name=\"robots\" content=\"index, follow, max-snippet:-1, max-image-preview:large, max-video-preview:-1\" \/>\n<link rel=\"canonical\" href=\"https:\/\/rapic.ba\/en\/onama\/\" \/>\n<meta property=\"og:locale\" content=\"en_US\" \/>\n<meta property=\"og:type\" content=\"article\" \/>\n<meta property=\"og:title\" content=\"About us - RAPI\u0106\" \/>\n<meta property=\"og:description\" content=\"Kompanija \u201eRAPI\u0106\u201c je porodi\u010dna firma, osnovana 1990. godine u Gradi\u0161ci, kao trgova\u010dko preduze\u0107e i jedno od vode\u0107ih u svojoj bran\u0161i.\" \/>\n<meta property=\"og:url\" content=\"https:\/\/rapic.ba\/en\/onama\/\" \/>\n<meta property=\"og:site_name\" content=\"RAPI\u0106\" \/>\n<meta property=\"article:modified_time\" content=\"2024-01-31T14:02:21+00:00\" \/>\n<meta property=\"og:image\" content=\"https:\/\/rapic.ba\/wp-content\/uploads\/2022\/12\/1-scaled.jpg\" \/>\n\t<meta property=\"og:image:width\" content=\"2560\" \/>\n\t<meta property=\"og:image:height\" content=\"1707\" \/>\n\t<meta property=\"og:image:type\" content=\"image\/jpeg\" \/>\n<meta name=\"twitter:card\" content=\"summary_large_image\" \/>\n<meta name=\"twitter:label1\" content=\"Est. reading time\" \/>\n\t<meta name=\"twitter:data1\" content=\"4 minutes\" \/>\n<script type=\"application\/ld+json\" class=\"yoast-schema-graph\">{\"@context\":\"https:\/\/schema.org\",\"@graph\":[{\"@type\":\"WebPage\",\"@id\":\"https:\/\/rapic.ba\/en\/onama\/\",\"url\":\"https:\/\/rapic.ba\/en\/onama\/\",\"name\":\"About us - RAPI\u0106\",\"isPartOf\":{\"@id\":\"https:\/\/rapic.ba\/#website\"},\"primaryImageOfPage\":{\"@id\":\"https:\/\/rapic.ba\/en\/onama\/#primaryimage\"},\"image\":{\"@id\":\"https:\/\/rapic.ba\/en\/onama\/#primaryimage\"},\"thumbnailUrl\":\"https:\/\/rapic.ba\/wp-content\/uploads\/2022\/12\/1-scaled.jpg\",\"datePublished\":\"2022-12-29T07:18:48+00:00\",\"dateModified\":\"2024-01-31T14:02:21+00:00\",\"description\":\"Kompanija \u201eRAPI\u0106\u201c je porodi\u010dna firma, osnovana 1990. godine u Gradi\u0161ci, kao trgova\u010dko preduze\u0107e i jedno od vode\u0107ih u svojoj bran\u0161i.\",\"breadcrumb\":{\"@id\":\"https:\/\/rapic.ba\/en\/onama\/#breadcrumb\"},\"inLanguage\":\"en-US\",\"potentialAction\":[{\"@type\":\"ReadAction\",\"target\":[\"https:\/\/rapic.ba\/en\/onama\/\"]}]},{\"@type\":\"ImageObject\",\"inLanguage\":\"en-US\",\"@id\":\"https:\/\/rapic.ba\/en\/onama\/#primaryimage\",\"url\":\"https:\/\/rapic.ba\/wp-content\/uploads\/2022\/12\/1-scaled.jpg\",\"contentUrl\":\"https:\/\/rapic.ba\/wp-content\/uploads\/2022\/12\/1-scaled.jpg\",\"width\":2560,\"height\":1707},{\"@type\":\"BreadcrumbList\",\"@id\":\"https:\/\/rapic.ba\/en\/onama\/#breadcrumb\",\"itemListElement\":[{\"@type\":\"ListItem\",\"position\":1,\"name\":\"Home\",\"item\":\"https:\/\/rapic.ba\/en\/\"},{\"@type\":\"ListItem\",\"position\":2,\"name\":\"About us\"}]},{\"@type\":\"WebSite\",\"@id\":\"https:\/\/rapic.ba\/#website\",\"url\":\"https:\/\/rapic.ba\/\",\"name\":\"RAPI\u0106\",\"description\":\"proizvodnja | veleprodaja | maloprodaja\",\"potentialAction\":[{\"@type\":\"SearchAction\",\"target\":{\"@type\":\"EntryPoint\",\"urlTemplate\":\"https:\/\/rapic.ba\/?s={search_term_string}\"},\"query-input\":{\"@type\":\"PropertyValueSpecification\",\"valueRequired\":true,\"valueName\":\"search_term_string\"}}],\"inLanguage\":\"en-US\"}]}<\/script>\n<!-- \/ Yoast SEO plugin. -->","yoast_head_json":{"title":"About us - RAPI\u0106","description":"Kompanija \u201eRAPI\u0106\u201c je porodi\u010dna firma, osnovana 1990. godine u Gradi\u0161ci, kao trgova\u010dko preduze\u0107e i jedno od vode\u0107ih u svojoj bran\u0161i.","robots":{"index":"index","follow":"follow","max-snippet":"max-snippet:-1","max-image-preview":"max-image-preview:large","max-video-preview":"max-video-preview:-1"},"canonical":"https:\/\/rapic.ba\/en\/onama\/","og_locale":"en_US","og_type":"article","og_title":"About us - RAPI\u0106","og_description":"Kompanija \u201eRAPI\u0106\u201c je porodi\u010dna firma, osnovana 1990. godine u Gradi\u0161ci, kao trgova\u010dko preduze\u0107e i jedno od vode\u0107ih u svojoj bran\u0161i.","og_url":"https:\/\/rapic.ba\/en\/onama\/","og_site_name":"RAPI\u0106","article_modified_time":"2024-01-31T14:02:21+00:00","og_image":[{"width":2560,"height":1707,"url":"https:\/\/rapic.ba\/wp-content\/uploads\/2022\/12\/1-scaled.jpg","type":"image\/jpeg"}],"twitter_card":"summary_large_image","twitter_misc":{"Est. reading time":"4 minutes"},"schema":{"@context":"https:\/\/schema.org","@graph":[{"@type":"WebPage","@id":"https:\/\/rapic.ba\/en\/onama\/","url":"https:\/\/rapic.ba\/en\/onama\/","name":"About us - RAPI\u0106","isPartOf":{"@id":"https:\/\/rapic.ba\/#website"},"primaryImageOfPage":{"@id":"https:\/\/rapic.ba\/en\/onama\/#primaryimage"},"image":{"@id":"https:\/\/rapic.ba\/en\/onama\/#primaryimage"},"thumbnailUrl":"https:\/\/rapic.ba\/wp-content\/uploads\/2022\/12\/1-scaled.jpg","datePublished":"2022-12-29T07:18:48+00:00","dateModified":"2024-01-31T14:02:21+00:00","description":"Kompanija \u201eRAPI\u0106\u201c je porodi\u010dna firma, osnovana 1990. godine u Gradi\u0161ci, kao trgova\u010dko preduze\u0107e i jedno od vode\u0107ih u svojoj bran\u0161i.","breadcrumb":{"@id":"https:\/\/rapic.ba\/en\/onama\/#breadcrumb"},"inLanguage":"en-US","potentialAction":[{"@type":"ReadAction","target":["https:\/\/rapic.ba\/en\/onama\/"]}]},{"@type":"ImageObject","inLanguage":"en-US","@id":"https:\/\/rapic.ba\/en\/onama\/#primaryimage","url":"https:\/\/rapic.ba\/wp-content\/uploads\/2022\/12\/1-scaled.jpg","contentUrl":"https:\/\/rapic.ba\/wp-content\/uploads\/2022\/12\/1-scaled.jpg","width":2560,"height":1707},{"@type":"BreadcrumbList","@id":"https:\/\/rapic.ba\/en\/onama\/#breadcrumb","itemListElement":[{"@type":"ListItem","position":1,"name":"Home","item":"https:\/\/rapic.ba\/en\/"},{"@type":"ListItem","position":2,"name":"About us"}]},{"@type":"WebSite","@id":"https:\/\/rapic.ba\/#website","url":"https:\/\/rapic.ba\/","name":"RAPI\u0106","description":"proizvodnja | veleprodaja | maloprodaja","potentialAction":[{"@type":"SearchAction","target":{"@type":"EntryPoint","urlTemplate":"https:\/\/rapic.ba\/?s={search_term_string}"},"query-input":{"@type":"PropertyValueSpecification","valueRequired":true,"valueName":"search_term_string"}}],"inLanguage":"en-US"}]}},"_links":{"self":[{"href":"https:\/\/rapic.ba\/en\/wp-json\/wp\/v2\/pages\/5458","targetHints":{"allow":["GET"]}}],"collection":[{"href":"https:\/\/rapic.ba\/en\/wp-json\/wp\/v2\/pages"}],"about":[{"href":"https:\/\/rapic.ba\/en\/wp-json\/wp\/v2\/types\/page"}],"author":[{"embeddable":true,"href":"https:\/\/rapic.ba\/en\/wp-json\/wp\/v2\/users\/1"}],"replies":[{"embeddable":true,"href":"https:\/\/rapic.ba\/en\/wp-json\/wp\/v2\/comments?post=5458"}],"version-history":[{"count":10,"href":"https:\/\/rapic.ba\/en\/wp-json\/wp\/v2\/pages\/5458\/revisions"}],"predecessor-version":[{"id":5572,"href":"https:\/\/rapic.ba\/en\/wp-json\/wp\/v2\/pages\/5458\/revisions\/5572"}],"wp:featuredmedia":[{"embeddable":true,"href":"https:\/\/rapic.ba\/en\/wp-json\/wp\/v2\/media\/5347"}],"wp:attachment":[{"href":"https:\/\/rapic.ba\/en\/wp-json\/wp\/v2\/media?parent=5458"}],"curies":[{"name":"wp","href":"https:\/\/api.w.org\/{rel}","templated":true}]}}