{"id":5463,"date":"2022-12-29T09:34:08","date_gmt":"2022-12-29T07:34:08","guid":{"rendered":"https:\/\/rapic.ba\/kontakt\/"},"modified":"2024-02-03T14:41:17","modified_gmt":"2024-02-03T12:41:17","slug":"kontakt","status":"publish","type":"page","link":"https:\/\/rapic.ba\/en\/kontakt\/","title":{"rendered":"Contact"},"content":{"rendered":"\t\t<div data-elementor-type=\"wp-page\" data-elementor-id=\"5463\" class=\"elementor elementor-5463\" data-elementor-post-type=\"page\">\n\t\t\t\t<div class=\"elementor-element elementor-element-3c48115 e-flex e-con-boxed e-con e-parent\" data-id=\"3c48115\" data-element_type=\"container\">\n\t\t\t\t\t<div class=\"e-con-inner\">\n\t\t<div class=\"elementor-element elementor-element-5e59de2 e-con-full e-flex e-con e-child\" data-id=\"5e59de2\" data-element_type=\"container\">\n\t\t\t\t<div class=\"elementor-element elementor-element-3dfd4c9 elementor-widget elementor-widget-vankine-contact-box-v1\" data-id=\"3dfd4c9\" data-element_type=\"widget\" data-widget_type=\"vankine-contact-box-v1.default\">\n\t\t\t\t<div class=\"elementor-widget-container\">\n\t\t\t\t\t \r\n \r\n    <div class=\"contact_box_content\">\r\n                                                        <div class=\"icon trans\">\r\n                        <img decoding=\"async\" src=\"https:\/\/rapic.ba\/wp-content\/uploads\/2023\/01\/cont-1.png\" alt=\"img\" \/>\r\n                    <\/div>\r\n                                                         \r\n            <div class=\"contact-infor\">\r\n                \r\n                <h6 class=\"title_no_a_24\">   Addresses<\/h6>\r\n                                        <span><b>Management \"Rapi\u0107\" d.o.o.: <\/b><br>Put srpske vojske 69, 78 400 Gradi\u0161ka<br><br>\n<b>FSH \"Farmofit\": <\/b><br>Rovine, 36C, 78 400 Gradi\u0161ka<br><br><b>Agricultural pharmacy \"Rapi\u0107\":<\/b> Brestov\u010dina bb, 78 400 Gradi\u0161ka<br><br><b>Freight forwarding \"Rapi\u0107\" d.o.o.: <\/b><br>Koridor autoputa E661<br><br><b>Revita Farms: <\/b><br>Li\u0161nja bb, Prnjavor<\/span>\r\n                    <\/div>\r\n                                        <\/div>\r\n \r\n  \r\n  \r\n\r\n  \r\n \r\n\r\n\r\n    \t\t\t\t<\/div>\n\t\t\t\t<\/div>\n\t\t\t\t<\/div>\n\t\t<div class=\"elementor-element elementor-element-e2f5f50 e-con-full e-flex e-con e-child\" data-id=\"e2f5f50\" data-element_type=\"container\">\n\t\t\t\t<div class=\"elementor-element elementor-element-5f83cd0 elementor-widget elementor-widget-vankine-contact-box-v1\" data-id=\"5f83cd0\" data-element_type=\"widget\" data-widget_type=\"vankine-contact-box-v1.default\">\n\t\t\t\t<div class=\"elementor-widget-container\">\n\t\t\t\t\t \r\n \r\n    <div class=\"contact_box_content\">\r\n                                                        <div class=\"icon trans\">\r\n                        <img decoding=\"async\" src=\"https:\/\/rapic.ba\/wp-content\/uploads\/2023\/01\/cont-3.png\" alt=\"img\" \/>\r\n                    <\/div>\r\n                                                         \r\n            <div class=\"contact-infor\">\r\n                \r\n                <h6 class=\"title_no_a_24\">   Contact telephones<\/h6>\r\n                                        <span><b>Management \"Rapi\u0107\" d.o.o.: <\/b><br>051\/835-454<br><br><b>FSH \"Farmofit\"<\/b>:<br>051\/860-213<br><br><b>Agricultural pharmacy \"Rapi\u0107\"<\/b><br>051\/835-760<br><br><b>Freight forwarding \"Rapi\u0107\"<\/b><br>051\/809-160<br><br><b>Revita Farms:<\/b><br>051\/815-059<\/span>\r\n                    <\/div>\r\n                                        <\/div>\r\n \r\n  \r\n  \r\n\r\n  \r\n \r\n\r\n\r\n    \t\t\t\t<\/div>\n\t\t\t\t<\/div>\n\t\t\t\t<\/div>\n\t\t<div class=\"elementor-element elementor-element-06ec297 e-con-full e-flex e-con e-child\" data-id=\"06ec297\" data-element_type=\"container\">\n\t\t\t\t<div class=\"elementor-element elementor-element-24421b6 elementor-widget elementor-widget-vankine-contact-box-v1\" data-id=\"24421b6\" data-element_type=\"widget\" data-widget_type=\"vankine-contact-box-v1.default\">\n\t\t\t\t<div class=\"elementor-widget-container\">\n\t\t\t\t\t \r\n \r\n    <div class=\"contact_box_content\">\r\n                                                        <div class=\"icon trans\">\r\n                        <img decoding=\"async\" src=\"https:\/\/rapic.ba\/wp-content\/uploads\/2023\/01\/cont-2.png\" alt=\"img\" \/>\r\n                    <\/div>\r\n                                                         \r\n            <div class=\"contact-infor\">\r\n                \r\n                <h6 class=\"title_no_a_24\">   E-mail addresses<\/h6>\r\n                                        <span><b>Management \"Rapi\u0107\" d.o.o.: <\/b><br>info@rapic.ba<br><br><b>FSH \"Farmofit\"<\/b>:<br>info@farmofit.ba<br><br><b>Agricultural pharmacy \"Rapi\u0107\":<\/b><br>polj.apoteka@rapic.ba<br><br><b>Freight forwarding \"Rapi\u0107\":<\/b><br>spedicija@rapic.ba\n<br><br>\n<b>Revita Farms:<\/b><br>revita@rapic.ba\n<\/span>\r\n                    <\/div>\r\n                                        <\/div>\r\n \r\n  \r\n  \r\n\r\n  \r\n \r\n\r\n\r\n    \t\t\t\t<\/div>\n\t\t\t\t<\/div>\n\t\t\t\t<\/div>\n\t\t\t\t\t<\/div>\n\t\t\t\t<\/div>\n\t\t<div class=\"elementor-element elementor-element-c878d51 e-flex e-con-boxed e-con e-parent\" data-id=\"c878d51\" data-element_type=\"container\">\n\t\t\t\t\t<div class=\"e-con-inner\">\n\t\t\t\t<div class=\"elementor-element elementor-element-4c7b040 elementor-widget elementor-widget-shortcode\" data-id=\"4c7b040\" data-element_type=\"widget\" data-widget_type=\"shortcode.default\">\n\t\t\t\t<div class=\"elementor-widget-container\">\n\t\t\t\t\t\t\t<div class=\"elementor-shortcode\"><div class=\"forminator-ui forminator-custom-form forminator-custom-form-5506 forminator-design--material  forminator_ajax\" data-forminator-render=\"0\" data-form=\"forminator-module-5506\" data-uid=\"69d7aadc2d97e\"><br\/><\/div><form\n\t\t\t\tid=\"forminator-module-5506\"\n\t\t\t\tclass=\"forminator-ui forminator-custom-form forminator-custom-form-5506 forminator-design--material  forminator_ajax\"\n\t\t\t\tmethod=\"post\"\n\t\t\t\tdata-forminator-render=\"0\"\n\t\t\t\tdata-form-id=\"5506\"\n\t\t\t\t\n\t\t\t\tdata-design=\"material\"\n\t\t\t\t\n\t\t\t\t\n\t\t\t\t\n\t\t\t\tdata-grid=\"open\"\n\t\t\t\t\n\t\t\t\t\n\t\t\t\tstyle=\"display: none;\"\n\t\t\t\t\n\t\t\t\tdata-uid=\"69d7aadc2d97e\"\n\t\t\t><div role=\"alert\" aria-live=\"polite\" class=\"forminator-response-message forminator-error\" aria-hidden=\"true\"><\/div><div class=\"forminator-row\"><div id=\"name-1\" class=\"forminator-field-name forminator-col forminator-col-12 \"><div class=\"forminator-field\"><label for=\"forminator-field-name-1_69d7aadc2d97e\" id=\"forminator-field-name-1_69d7aadc2d97e-label\" class=\"forminator-label\">Name<\/label><input type=\"text\" name=\"name-1\" value=\"\" placeholder=\"name\" id=\"forminator-field-name-1_69d7aadc2d97e\" class=\"forminator-input forminator-name--field\" aria-required=\"false\" \/><\/div><\/div><\/div><div class=\"forminator-row\"><div id=\"email-1\" class=\"forminator-field-email forminator-col forminator-col-12 \"><div class=\"forminator-field\"><label for=\"forminator-field-email-1_69d7aadc2d97e\" id=\"forminator-field-email-1_69d7aadc2d97e-label\" class=\"forminator-label\">E-mail address<\/label><input type=\"email\" name=\"email-1\" value=\"\" placeholder=\"e-mail address\" id=\"forminator-field-email-1_69d7aadc2d97e\" class=\"forminator-input forminator-email--field\" data-required=\"\" aria-required=\"false\" \/><\/div><\/div><\/div><div class=\"forminator-row\"><div id=\"phone-1\" class=\"forminator-field-phone forminator-col forminator-col-12 \"><div class=\"forminator-field\"><label for=\"forminator-field-phone-1_69d7aadc2d97e\" id=\"forminator-field-phone-1_69d7aadc2d97e-label\" class=\"forminator-label\">Phone number<\/label><input type=\"text\" name=\"phone-1\" value=\"\" placeholder=\"phone number\" id=\"forminator-field-phone-1_69d7aadc2d97e\" class=\"forminator-input forminator-field--phone\" data-required=\"\" aria-required=\"false\" autocomplete=\"off\" \/><\/div><\/div><\/div><div class=\"forminator-row\"><div id=\"select-1\" class=\"forminator-field-select forminator-col forminator-col-12 \"><div class=\"forminator-field\"><label for=\"forminator-form-5506__field--select-1_69d7aadc2d97e\" id=\"forminator-form-5506__field--select-1_69d7aadc2d97e-label\" class=\"forminator-label\">Please select<\/label><select  id=\"forminator-form-5506__field--select-1_69d7aadc2d97e\" class=\"forminator-select--field forminator-select2 forminator-select2-multiple\" data-required=\"\" name=\"select-1\" data-default-value=\"\" data-hidden-behavior=\"zero\" data-placeholder=\"You have a question about:\" data-search=\"false\" data-search-placeholder=\"You have a question about:\" data-checkbox=\"false\" data-allow-clear=\"false\" aria-labelledby=\"forminator-form-5506__field--select-1_69d7aadc2d97e-label\"><option value=\"\"  >You have a question about:<\/option><option value=\"one\"  data-calculation=\"0\">Fodder<\/option><option value=\"two\"  data-calculation=\"0\">Agricultural pharmacy<\/option><option value=\"\u0160pedicija\"  data-calculation=\"0\">Shipping company<\/option><option value=\"Farma\"  data-calculation=\"0\">The farm<\/option><\/select><\/div><\/div><\/div><div class=\"forminator-row\"><div id=\"textarea-1\" class=\"forminator-field-textarea forminator-col forminator-col-12 \"><div class=\"forminator-field\"><label for=\"forminator-field-textarea-1_69d7aadc2d97e\" id=\"forminator-field-textarea-1_69d7aadc2d97e-label\" class=\"forminator-label\">Message<\/label><textarea name=\"textarea-1\" placeholder=\"Write your message here\" id=\"forminator-field-textarea-1_69d7aadc2d97e\" class=\"forminator-textarea\" rows=\"6\" style=\"min-height:140px;\" ><\/textarea><\/div><\/div><\/div><input type=\"hidden\" name=\"referer_url\" value=\"\" \/><div class=\"forminator-row forminator-row-last\"><div class=\"forminator-col\"><div class=\"forminator-field\"><button class=\"forminator-button forminator-button-submit\"><span>Send it<\/span><span aria-hidden=\"true\"><\/span><\/button><\/div><\/div><\/div><input type=\"hidden\" id=\"forminator_nonce\" name=\"forminator_nonce\" value=\"89617ddae1\" \/><input type=\"hidden\" name=\"_wp_http_referer\" value=\"\/en\/wp-json\/wp\/v2\/pages\/5463\" \/><input type=\"hidden\" name=\"form_id\" value=\"5506\"><input type=\"hidden\" name=\"page_id\" value=\"5463\"><input type=\"hidden\" name=\"form_type\" value=\"default\"><input type=\"hidden\" name=\"current_url\" value=\"https:\/\/rapic.ba\/en\/kontakt\/\"><input type=\"hidden\" name=\"render_id\" value=\"0\"><input type=\"hidden\" name=\"action\" value=\"forminator_submit_form_custom-forms\"><\/form><\/div>\n\t\t\t\t\t\t<\/div>\n\t\t\t\t<\/div>\n\t\t\t\t\t<\/div>\n\t\t\t\t<\/div>\n\t\t\t\t<section class=\"elementor-section elementor-top-section elementor-element elementor-element-927a4fa elementor-section-full_width elementor-section-height-default elementor-section-height-default\" data-id=\"927a4fa\" data-element_type=\"section\">\n\t\t\t\t\t\t<div class=\"elementor-container elementor-column-gap-no\">\n\t\t\t\t\t<div class=\"elementor-column elementor-col-100 elementor-top-column elementor-element elementor-element-5de05cc\" data-id=\"5de05cc\" data-element_type=\"column\">\n\t\t\t<div class=\"elementor-widget-wrap elementor-element-populated\">\n\t\t\t\t\t\t<div class=\"elementor-element elementor-element-49ac0c5 elementor-widget elementor-widget-google_maps\" data-id=\"49ac0c5\" data-element_type=\"widget\" data-widget_type=\"google_maps.default\">\n\t\t\t\t<div class=\"elementor-widget-container\">\n\t\t\t\t\t\t\t<div class=\"elementor-custom-embed\">\n\t\t\t<iframe loading=\"lazy\"\n\t\t\t\t\tsrc=\"https:\/\/maps.google.com\/maps?q=Put%20srpske%20vojske%2069%2C78400%20Gradi%C5%A1ka&#038;t=m&#038;z=15&#038;output=embed&#038;iwloc=near\"\n\t\t\t\t\ttitle=\"Put srpske vojske 69,78400 Gradi\u0161ka\"\n\t\t\t\t\taria-label=\"Put srpske vojske 69,78400 Gradi\u0161ka\"\n\t\t\t><\/iframe>\n\t\t<\/div>\n\t\t\t\t\t\t<\/div>\n\t\t\t\t<\/div>\n\t\t\t\t\t<\/div>\n\t\t<\/div>\n\t\t\t\t\t<\/div>\n\t\t<\/section>\n\t\t\t\t<\/div>\n\t\t","protected":false},"excerpt":{"rendered":"<p>Addresses Management &#8220;Rapi\u0107&#8221; d.o.o.: Put srpske vojske 69, 78 400 Gradi\u0161ka FSH &#8220;Farmofit&#8221;: Rovine, 36C, 78 400 Gradi\u0161ka Agricultural pharmacy &#8220;Rapi\u0107&#8221;: Brestov\u010dina bb, 78 400 Gradi\u0161ka Freight forwarding &#8220;Rapi\u0107&#8221; d.o.o.: Koridor autoputa E661 Revita Farms: Li\u0161nja bb, Prnjavor Contact telephones Management &#8220;Rapi\u0107&#8221; d.o.o.: 051\/835-454 FSH &#8220;Farmofit&#8221;:051\/860-213 Agricultural pharmacy &#8220;Rapi\u0107&#8221;051\/835-760 Freight forwarding &#8220;Rapi\u0107&#8221;051\/809-160 Revita Farms:051\/815-059 E-mail [&hellip;]<\/p>\n","protected":false},"author":1,"featured_media":0,"parent":0,"menu_order":0,"comment_status":"closed","ping_status":"closed","template":"template-fullwidth.php","meta":{"footnotes":""},"class_list":["post-5463","page","type-page","status-publish","hentry"],"yoast_head":"<!-- This site is optimized with the Yoast SEO plugin v24.5 - https:\/\/yoast.com\/wordpress\/plugins\/seo\/ -->\n<title>Contact - RAPI\u0106<\/title>\n<meta name=\"robots\" content=\"index, follow, max-snippet:-1, max-image-preview:large, max-video-preview:-1\" \/>\n<link rel=\"canonical\" href=\"https:\/\/rapic.ba\/kontakt\/\" \/>\n<meta property=\"og:locale\" content=\"en_US\" \/>\n<meta property=\"og:type\" content=\"article\" \/>\n<meta property=\"og:title\" content=\"Contact - RAPI\u0106\" \/>\n<meta property=\"og:description\" content=\"Addresses Management &#8220;Rapi\u0107&#8221; d.o.o.: Put srpske vojske 69, 78 400 Gradi\u0161ka FSH &#8220;Farmofit&#8221;: Rovine, 36C, 78 400 Gradi\u0161ka Agricultural pharmacy &#8220;Rapi\u0107&#8221;: Brestov\u010dina bb, 78 400 Gradi\u0161ka Freight forwarding &#8220;Rapi\u0107&#8221; d.o.o.: Koridor autoputa E661 Revita Farms: Li\u0161nja bb, Prnjavor Contact telephones Management &#8220;Rapi\u0107&#8221; d.o.o.: 051\/835-454 FSH &#8220;Farmofit&#8221;:051\/860-213 Agricultural pharmacy &#8220;Rapi\u0107&#8221;051\/835-760 Freight forwarding &#8220;Rapi\u0107&#8221;051\/809-160 Revita Farms:051\/815-059 E-mail [&hellip;]\" \/>\n<meta property=\"og:url\" content=\"https:\/\/rapic.ba\/kontakt\/\" \/>\n<meta property=\"og:site_name\" content=\"RAPI\u0106\" \/>\n<meta property=\"article:modified_time\" content=\"2024-02-03T12:41:17+00:00\" \/>\n<meta property=\"og:image\" content=\"https:\/\/rapic.ba\/wp-content\/uploads\/2023\/01\/cont-1.png\" \/>\n<meta name=\"twitter:card\" content=\"summary_large_image\" \/>\n<meta name=\"twitter:label1\" content=\"Est. reading time\" \/>\n\t<meta name=\"twitter:data1\" content=\"2 minutes\" \/>\n<script type=\"application\/ld+json\" class=\"yoast-schema-graph\">{\"@context\":\"https:\/\/schema.org\",\"@graph\":[{\"@type\":\"WebPage\",\"@id\":\"https:\/\/rapic.ba\/kontakt\/\",\"url\":\"https:\/\/rapic.ba\/kontakt\/\",\"name\":\"Contact - RAPI\u0106\",\"isPartOf\":{\"@id\":\"https:\/\/rapic.ba\/#website\"},\"primaryImageOfPage\":{\"@id\":\"https:\/\/rapic.ba\/kontakt\/#primaryimage\"},\"image\":{\"@id\":\"https:\/\/rapic.ba\/kontakt\/#primaryimage\"},\"thumbnailUrl\":\"https:\/\/rapic.ba\/wp-content\/uploads\/2023\/01\/cont-1.png\",\"datePublished\":\"2022-12-29T07:34:08+00:00\",\"dateModified\":\"2024-02-03T12:41:17+00:00\",\"breadcrumb\":{\"@id\":\"https:\/\/rapic.ba\/kontakt\/#breadcrumb\"},\"inLanguage\":\"en-US\",\"potentialAction\":[{\"@type\":\"ReadAction\",\"target\":[\"https:\/\/rapic.ba\/kontakt\/\"]}]},{\"@type\":\"ImageObject\",\"inLanguage\":\"en-US\",\"@id\":\"https:\/\/rapic.ba\/kontakt\/#primaryimage\",\"url\":\"https:\/\/rapic.ba\/wp-content\/uploads\/2023\/01\/cont-1.png\",\"contentUrl\":\"https:\/\/rapic.ba\/wp-content\/uploads\/2023\/01\/cont-1.png\"},{\"@type\":\"BreadcrumbList\",\"@id\":\"https:\/\/rapic.ba\/kontakt\/#breadcrumb\",\"itemListElement\":[{\"@type\":\"ListItem\",\"position\":1,\"name\":\"Home\",\"item\":\"https:\/\/rapic.ba\/en\/\"},{\"@type\":\"ListItem\",\"position\":2,\"name\":\"Contact\"}]},{\"@type\":\"WebSite\",\"@id\":\"https:\/\/rapic.ba\/#website\",\"url\":\"https:\/\/rapic.ba\/\",\"name\":\"RAPI\u0106\",\"description\":\"proizvodnja | veleprodaja | maloprodaja\",\"potentialAction\":[{\"@type\":\"SearchAction\",\"target\":{\"@type\":\"EntryPoint\",\"urlTemplate\":\"https:\/\/rapic.ba\/?s={search_term_string}\"},\"query-input\":{\"@type\":\"PropertyValueSpecification\",\"valueRequired\":true,\"valueName\":\"search_term_string\"}}],\"inLanguage\":\"en-US\"}]}<\/script>\n<!-- \/ Yoast SEO plugin. -->","yoast_head_json":{"title":"Contact - RAPI\u0106","robots":{"index":"index","follow":"follow","max-snippet":"max-snippet:-1","max-image-preview":"max-image-preview:large","max-video-preview":"max-video-preview:-1"},"canonical":"https:\/\/rapic.ba\/kontakt\/","og_locale":"en_US","og_type":"article","og_title":"Contact - RAPI\u0106","og_description":"Addresses Management &#8220;Rapi\u0107&#8221; d.o.o.: Put srpske vojske 69, 78 400 Gradi\u0161ka FSH &#8220;Farmofit&#8221;: Rovine, 36C, 78 400 Gradi\u0161ka Agricultural pharmacy &#8220;Rapi\u0107&#8221;: Brestov\u010dina bb, 78 400 Gradi\u0161ka Freight forwarding &#8220;Rapi\u0107&#8221; d.o.o.: Koridor autoputa E661 Revita Farms: Li\u0161nja bb, Prnjavor Contact telephones Management &#8220;Rapi\u0107&#8221; d.o.o.: 051\/835-454 FSH &#8220;Farmofit&#8221;:051\/860-213 Agricultural pharmacy &#8220;Rapi\u0107&#8221;051\/835-760 Freight forwarding &#8220;Rapi\u0107&#8221;051\/809-160 Revita Farms:051\/815-059 E-mail [&hellip;]","og_url":"https:\/\/rapic.ba\/kontakt\/","og_site_name":"RAPI\u0106","article_modified_time":"2024-02-03T12:41:17+00:00","og_image":[{"url":"https:\/\/rapic.ba\/wp-content\/uploads\/2023\/01\/cont-1.png","type":"","width":"","height":""}],"twitter_card":"summary_large_image","twitter_misc":{"Est. reading time":"2 minutes"},"schema":{"@context":"https:\/\/schema.org","@graph":[{"@type":"WebPage","@id":"https:\/\/rapic.ba\/kontakt\/","url":"https:\/\/rapic.ba\/kontakt\/","name":"Contact - RAPI\u0106","isPartOf":{"@id":"https:\/\/rapic.ba\/#website"},"primaryImageOfPage":{"@id":"https:\/\/rapic.ba\/kontakt\/#primaryimage"},"image":{"@id":"https:\/\/rapic.ba\/kontakt\/#primaryimage"},"thumbnailUrl":"https:\/\/rapic.ba\/wp-content\/uploads\/2023\/01\/cont-1.png","datePublished":"2022-12-29T07:34:08+00:00","dateModified":"2024-02-03T12:41:17+00:00","breadcrumb":{"@id":"https:\/\/rapic.ba\/kontakt\/#breadcrumb"},"inLanguage":"en-US","potentialAction":[{"@type":"ReadAction","target":["https:\/\/rapic.ba\/kontakt\/"]}]},{"@type":"ImageObject","inLanguage":"en-US","@id":"https:\/\/rapic.ba\/kontakt\/#primaryimage","url":"https:\/\/rapic.ba\/wp-content\/uploads\/2023\/01\/cont-1.png","contentUrl":"https:\/\/rapic.ba\/wp-content\/uploads\/2023\/01\/cont-1.png"},{"@type":"BreadcrumbList","@id":"https:\/\/rapic.ba\/kontakt\/#breadcrumb","itemListElement":[{"@type":"ListItem","position":1,"name":"Home","item":"https:\/\/rapic.ba\/en\/"},{"@type":"ListItem","position":2,"name":"Contact"}]},{"@type":"WebSite","@id":"https:\/\/rapic.ba\/#website","url":"https:\/\/rapic.ba\/","name":"RAPI\u0106","description":"proizvodnja | veleprodaja | maloprodaja","potentialAction":[{"@type":"SearchAction","target":{"@type":"EntryPoint","urlTemplate":"https:\/\/rapic.ba\/?s={search_term_string}"},"query-input":{"@type":"PropertyValueSpecification","valueRequired":true,"valueName":"search_term_string"}}],"inLanguage":"en-US"}]}},"_links":{"self":[{"href":"https:\/\/rapic.ba\/en\/wp-json\/wp\/v2\/pages\/5463","targetHints":{"allow":["GET"]}}],"collection":[{"href":"https:\/\/rapic.ba\/en\/wp-json\/wp\/v2\/pages"}],"about":[{"href":"https:\/\/rapic.ba\/en\/wp-json\/wp\/v2\/types\/page"}],"author":[{"embeddable":true,"href":"https:\/\/rapic.ba\/en\/wp-json\/wp\/v2\/users\/1"}],"replies":[{"embeddable":true,"href":"https:\/\/rapic.ba\/en\/wp-json\/wp\/v2\/comments?post=5463"}],"version-history":[{"count":13,"href":"https:\/\/rapic.ba\/en\/wp-json\/wp\/v2\/pages\/5463\/revisions"}],"predecessor-version":[{"id":5697,"href":"https:\/\/rapic.ba\/en\/wp-json\/wp\/v2\/pages\/5463\/revisions\/5697"}],"wp:attachment":[{"href":"https:\/\/rapic.ba\/en\/wp-json\/wp\/v2\/media?parent=5463"}],"curies":[{"name":"wp","href":"https:\/\/api.w.org\/{rel}","templated":true}]}}